{"id":22143,"date":"2024-03-08T18:57:15","date_gmt":"2024-03-08T17:57:15","guid":{"rendered":"https:\/\/sports-cards.nl\/?post_type=product&#038;p=22143"},"modified":"2024-11-16T17:05:20","modified_gmt":"2024-11-16T16:05:20","slug":"pokemon-tcg-25th-anniversary-celebrations-elite-trainer-box","status":"publish","type":"product","link":"https:\/\/sports-cards.nl\/nl\/product\/pokemon-tcg-25th-anniversary-celebrations-elite-trainer-box\/","title":{"rendered":"Pok\u00e9mon TCG 25th Anniversary Celebrations Elite Trainer Box &#8211; Verzegeld"},"content":{"rendered":"<p>Vier de grootste momenten van Pok\u00e9mon van de afgelopen 25 jaar met favoriete Pok\u00e9mon van Mew en Ho-Oh tot Lunala en Zamazenta! Terwijl een parade van <em>legendarische<\/em> Pok\u00e9mon langskomt, en beroemde Pok\u00e9mon van in den beginnen terugkeren om zich bij jou te voegen, kun je zelfs een Flying Pikachu en Surfing Pikachu V als Pok\u00e9mon V en Pok\u00e9mon VMAX vinden. Voeg je bij het feest met Pok\u00e9mon Celebrations!<\/p>\n<p><strong>De Pok\u00e9mon TCG: <em>Celebrations<\/em> Elite Trainer Box bevat:<\/strong><\/p>\n<ul>\n<li>10 Pok\u00e9mon TCG: <em>Celebrations <\/em>4-kaarten booster pakjes<\/li>\n<li>5 extra Pok\u00e9mon TCG booster pakjes<\/li>\n<li>1 speciale foil kaart featuring Greninja<\/li>\n<li>65 kaarthoesjes met het Pok\u00e9mon 25-logo en het bliksemstaartontwerp<\/li>\n<li>45 Pok\u00e9mon TCG Energy-kaarten<\/li>\n<li>Een spelersgids voor de uitbreiding <em>Celebrations <\/em><\/li>\n<li>Een Pok\u00e9mon TCG Spelregels boek<\/li>\n<li>6 schade counter dobbelstenen<\/li>\n<li>1 competitie-legale munt-omwenteling dobbelsteen<\/li>\n<li>2 acryl conditiemarkers<\/li>\n<li>Een verzamelbox om alles in te bewaren, met 4 verdelers om het georganiseerd te houden<\/li>\n<li>Een code voor Pok\u00e9mon Trading Card Game Online<\/li>\n<\/ul>\n<p>Meer informatie over <a href=\"https:\/\/www.pokemon.com\/us\/pokemon-tcg\" target=\"_blank\" rel=\"noopener\">Pok\u00e9mon<\/a> trading card game en de <a href=\"https:\/\/tcg.pokemon.com\/en-us\/expansions\/celebrations\/\" target=\"_blank\" rel=\"noopener\">Pok\u00e9mon Celebrations<\/a> Expention.<\/p>\n","protected":false},"excerpt":{"rendered":"<p>Pokemon 25th Anniversary Elite Trainer Box \u2013 Celebrations<\/p>\n","protected":false},"featured_media":22145,"template":"","meta":{"googlesitekit_rrm_CAowi9S-DA:productID":""},"product_brand":[],"product_cat":[1270,2407],"product_tag":[2274],"class_list":{"0":"post-22143","1":"product","2":"type-product","3":"status-publish","4":"has-post-thumbnail","6":"product_cat-pack-boxes-nl","7":"product_cat-tcg-packs-boxes-nl","8":"product_tag-pokemon-nl","9":"product_shipping_class-products-light-nl","11":"first","12":"outofstock","13":"sale","14":"taxable","15":"shipping-taxable","16":"purchasable","17":"product-type-simple"},"yoast_head":"<!-- This site is optimized with the Yoast SEO Premium plugin v21.6 (Yoast SEO v27.4) - https:\/\/yoast.com\/product\/yoast-seo-premium-wordpress\/ -->\n<title>Pok\u00e9mon TCG 25th Anniversary Celebrations Elite Trainer Box - Verzegeld<\/title>\n<meta name=\"description\" content=\"Pokemon 25th Anniversary Elite Trainer Box \u2013 Celebrations - Pok\u00e9mon TCG 25th Anniversary Celebrations Elite Trainer Box - Verzegeld\" \/>\n<meta name=\"robots\" content=\"index, follow, max-snippet:-1, max-image-preview:large, max-video-preview:-1\" \/>\n<link rel=\"canonical\" href=\"https:\/\/sports-cards.nl\/nl\/product\/pokemon-tcg-25th-anniversary-celebrations-elite-trainer-box\/\" \/>\n<meta property=\"og:locale\" content=\"nl_NL\" \/>\n<meta property=\"og:type\" content=\"article\" \/>\n<meta property=\"og:title\" content=\"Pok\u00e9mon TCG 25th Anniversary Celebrations Elite Trainer Box - Verzegeld\" \/>\n<meta property=\"og:description\" content=\"Pokemon 25th Anniversary Elite Trainer Box \u2013 Celebrations - Pok\u00e9mon TCG 25th Anniversary Celebrations Elite Trainer Box - Verzegeld\" \/>\n<meta property=\"og:url\" content=\"https:\/\/sports-cards.nl\/nl\/product\/pokemon-tcg-25th-anniversary-celebrations-elite-trainer-box\/\" \/>\n<meta property=\"og:site_name\" content=\"Sports Cards NL\" \/>\n<meta property=\"article:publisher\" content=\"https:\/\/www.facebook.com\/sportscardsnl\" \/>\n<meta property=\"article:modified_time\" content=\"2024-11-16T16:05:20+00:00\" \/>\n<meta property=\"og:image\" content=\"https:\/\/sports-cards.nl\/wp-content\/uploads\/2024\/03\/Pokemon-TCG-25th-Anniversary-Celebrations-Elite-Trainer-Box-front.webp\" \/>\n\t<meta property=\"og:image:width\" content=\"1200\" \/>\n\t<meta property=\"og:image:height\" content=\"1400\" \/>\n\t<meta property=\"og:image:type\" content=\"image\/webp\" \/>\n<meta name=\"twitter:card\" content=\"summary_large_image\" \/>\n<meta name=\"twitter:label1\" content=\"Prijs\" \/>\n\t<meta name=\"twitter:data1\" content=\"&#036;113.86\" \/>\n\t<meta name=\"twitter:label2\" content=\"Beschikbaarheid\" \/>\n\t<meta name=\"twitter:data2\" content=\"Uitverkocht\" \/>\n<script type=\"application\/ld+json\" class=\"yoast-schema-graph\">{\"@context\":\"https:\\\/\\\/schema.org\",\"@graph\":[{\"@type\":\"WebPage\",\"@id\":\"https:\\\/\\\/sports-cards.nl\\\/nl\\\/product\\\/pokemon-tcg-25th-anniversary-celebrations-elite-trainer-box\\\/\",\"url\":\"https:\\\/\\\/sports-cards.nl\\\/nl\\\/product\\\/pokemon-tcg-25th-anniversary-celebrations-elite-trainer-box\\\/\",\"name\":\"Pok\u00e9mon TCG 25th Anniversary Celebrations Elite Trainer Box - Verzegeld\",\"isPartOf\":{\"@id\":\"https:\\\/\\\/sports-cards.nl\\\/nl\\\/#website\"},\"primaryImageOfPage\":{\"@id\":\"https:\\\/\\\/sports-cards.nl\\\/nl\\\/product\\\/pokemon-tcg-25th-anniversary-celebrations-elite-trainer-box\\\/#primaryimage\"},\"image\":{\"@id\":\"https:\\\/\\\/sports-cards.nl\\\/nl\\\/product\\\/pokemon-tcg-25th-anniversary-celebrations-elite-trainer-box\\\/#primaryimage\"},\"thumbnailUrl\":\"https:\\\/\\\/sports-cards.nl\\\/wp-content\\\/uploads\\\/2024\\\/03\\\/Pokemon-TCG-25th-Anniversary-Celebrations-Elite-Trainer-Box-front.webp\",\"datePublished\":\"2024-03-08T17:57:15+00:00\",\"dateModified\":\"2024-11-16T16:05:20+00:00\",\"description\":\"Pokemon 25th Anniversary Elite Trainer Box \u2013 Celebrations - Pok\u00e9mon TCG 25th Anniversary Celebrations Elite Trainer Box - Verzegeld\",\"breadcrumb\":{\"@id\":\"https:\\\/\\\/sports-cards.nl\\\/nl\\\/product\\\/pokemon-tcg-25th-anniversary-celebrations-elite-trainer-box\\\/#breadcrumb\"},\"inLanguage\":\"nl-NL\",\"potentialAction\":[{\"@type\":\"ReadAction\",\"target\":[\"https:\\\/\\\/sports-cards.nl\\\/nl\\\/product\\\/pokemon-tcg-25th-anniversary-celebrations-elite-trainer-box\\\/\"]}]},{\"@type\":\"ImageObject\",\"inLanguage\":\"nl-NL\",\"@id\":\"https:\\\/\\\/sports-cards.nl\\\/nl\\\/product\\\/pokemon-tcg-25th-anniversary-celebrations-elite-trainer-box\\\/#primaryimage\",\"url\":\"https:\\\/\\\/sports-cards.nl\\\/wp-content\\\/uploads\\\/2024\\\/03\\\/Pokemon-TCG-25th-Anniversary-Celebrations-Elite-Trainer-Box-front.webp\",\"contentUrl\":\"https:\\\/\\\/sports-cards.nl\\\/wp-content\\\/uploads\\\/2024\\\/03\\\/Pokemon-TCG-25th-Anniversary-Celebrations-Elite-Trainer-Box-front.webp\",\"width\":1200,\"height\":1400,\"caption\":\"Pok\u00e9mon TCG 25th Anniversary Celebrations Elite Trainer Box - front\"},{\"@type\":\"BreadcrumbList\",\"@id\":\"https:\\\/\\\/sports-cards.nl\\\/nl\\\/product\\\/pokemon-tcg-25th-anniversary-celebrations-elite-trainer-box\\\/#breadcrumb\",\"itemListElement\":[{\"@type\":\"ListItem\",\"position\":1,\"name\":\"Home\",\"item\":\"https:\\\/\\\/sports-cards.nl\\\/nl\\\/\"},{\"@type\":\"ListItem\",\"position\":2,\"name\":\"Sportkaarten webwinkel\",\"item\":\"https:\\\/\\\/sports-cards.nl\\\/nl\\\/winkel\\\/\"},{\"@type\":\"ListItem\",\"position\":3,\"name\":\"Pok\u00e9mon TCG 25th Anniversary Celebrations Elite Trainer Box &#8211; Verzegeld\"}]},{\"@type\":\"WebSite\",\"@id\":\"https:\\\/\\\/sports-cards.nl\\\/nl\\\/#website\",\"url\":\"https:\\\/\\\/sports-cards.nl\\\/nl\\\/\",\"name\":\"Sports Cards NL\",\"description\":\"Verzamelkaarten uit de NBA basketball \\\/ NHL hockey \\\/ NFL football \\\/ MLB baseball \\\/ Formule 1 \\\/ Voetbal \\\/ POP! \\\/ WWE  \\\/ Marvel \\\/ UFC \\\/ Racing \\\/ Pop culture \\\/ TCG  &amp; Packs \\\/ Boxes \\\/ Supplies \\\/ Jerseys \\\/ Boardgames &amp; More\",\"publisher\":{\"@id\":\"https:\\\/\\\/sports-cards.nl\\\/nl\\\/#organization\"},\"alternateName\":\"sports-cards.nl\",\"potentialAction\":[{\"@type\":\"SearchAction\",\"target\":{\"@type\":\"EntryPoint\",\"urlTemplate\":\"https:\\\/\\\/sports-cards.nl\\\/nl\\\/?s={search_term_string}\"},\"query-input\":{\"@type\":\"PropertyValueSpecification\",\"valueRequired\":true,\"valueName\":\"search_term_string\"}}],\"inLanguage\":\"nl-NL\"},{\"@type\":\"Organization\",\"@id\":\"https:\\\/\\\/sports-cards.nl\\\/nl\\\/#organization\",\"name\":\"Sports Cards NL\",\"alternateName\":\"sports-cards.nl\",\"url\":\"https:\\\/\\\/sports-cards.nl\\\/nl\\\/\",\"logo\":{\"@type\":\"ImageObject\",\"inLanguage\":\"nl-NL\",\"@id\":\"https:\\\/\\\/sports-cards.nl\\\/nl\\\/#\\\/schema\\\/logo\\\/image\\\/\",\"url\":\"https:\\\/\\\/sports-cards.nl\\\/wp-content\\\/uploads\\\/2025\\\/07\\\/Sports-Cards-NL-Logo-500-square.webp\",\"contentUrl\":\"https:\\\/\\\/sports-cards.nl\\\/wp-content\\\/uploads\\\/2025\\\/07\\\/Sports-Cards-NL-Logo-500-square.webp\",\"width\":500,\"height\":500,\"caption\":\"Sports Cards NL\"},\"image\":{\"@id\":\"https:\\\/\\\/sports-cards.nl\\\/nl\\\/#\\\/schema\\\/logo\\\/image\\\/\"},\"sameAs\":[\"https:\\\/\\\/www.facebook.com\\\/sportscardsnl\",\"https:\\\/\\\/www.instagram.com\\\/sports_cards_nl\\\/\",\"https:\\\/\\\/nl.pinterest.com\\\/sportscardsnetherlandsnl\\\/\",\"https:\\\/\\\/www.youtube.com\\\/@sports.cards.netherlands\"],\"ownershipFundingInfo\":\"https:\\\/\\\/sports-cards.nl\\\/about-sports-cards-nl\\\/\"}]}<\/script>\n<meta property=\"product:brand\" content=\"The Pok\u00e9mon Company\" \/>\n<meta property=\"product:price:amount\" content=\"113.86\" \/>\n<meta property=\"product:price:currency\" content=\"USD\" \/>\n<meta property=\"og:availability\" content=\"out of stock\" \/>\n<meta property=\"product:availability\" content=\"out of stock\" \/>\n<meta property=\"product:retailer_item_id\" content=\"Pokemon - TCG - 25AC ET TB\" \/>\n<meta property=\"product:condition\" content=\"new\" \/>\n<!-- \/ Yoast SEO Premium plugin. -->","yoast_head_json":{"title":"Pok\u00e9mon TCG 25th Anniversary Celebrations Elite Trainer Box - Verzegeld","description":"Pokemon 25th Anniversary Elite Trainer Box \u2013 Celebrations - Pok\u00e9mon TCG 25th Anniversary Celebrations Elite Trainer Box - Verzegeld","robots":{"index":"index","follow":"follow","max-snippet":"max-snippet:-1","max-image-preview":"max-image-preview:large","max-video-preview":"max-video-preview:-1"},"canonical":"https:\/\/sports-cards.nl\/nl\/product\/pokemon-tcg-25th-anniversary-celebrations-elite-trainer-box\/","og_locale":"nl_NL","og_type":"article","og_title":"Pok\u00e9mon TCG 25th Anniversary Celebrations Elite Trainer Box - Verzegeld","og_description":"Pokemon 25th Anniversary Elite Trainer Box \u2013 Celebrations - Pok\u00e9mon TCG 25th Anniversary Celebrations Elite Trainer Box - Verzegeld","og_url":"https:\/\/sports-cards.nl\/nl\/product\/pokemon-tcg-25th-anniversary-celebrations-elite-trainer-box\/","og_site_name":"Sports Cards NL","article_publisher":"https:\/\/www.facebook.com\/sportscardsnl","article_modified_time":"2024-11-16T16:05:20+00:00","og_image":[{"width":1200,"height":1400,"url":"https:\/\/sports-cards.nl\/wp-content\/uploads\/2024\/03\/Pokemon-TCG-25th-Anniversary-Celebrations-Elite-Trainer-Box-front.webp","type":"image\/webp"}],"twitter_card":"summary_large_image","twitter_misc":{"Prijs":"&#36;113.86","Beschikbaarheid":"Uitverkocht"},"schema":{"@context":"https:\/\/schema.org","@graph":[{"@type":"WebPage","@id":"https:\/\/sports-cards.nl\/nl\/product\/pokemon-tcg-25th-anniversary-celebrations-elite-trainer-box\/","url":"https:\/\/sports-cards.nl\/nl\/product\/pokemon-tcg-25th-anniversary-celebrations-elite-trainer-box\/","name":"Pok\u00e9mon TCG 25th Anniversary Celebrations Elite Trainer Box - Verzegeld","isPartOf":{"@id":"https:\/\/sports-cards.nl\/nl\/#website"},"primaryImageOfPage":{"@id":"https:\/\/sports-cards.nl\/nl\/product\/pokemon-tcg-25th-anniversary-celebrations-elite-trainer-box\/#primaryimage"},"image":{"@id":"https:\/\/sports-cards.nl\/nl\/product\/pokemon-tcg-25th-anniversary-celebrations-elite-trainer-box\/#primaryimage"},"thumbnailUrl":"https:\/\/sports-cards.nl\/wp-content\/uploads\/2024\/03\/Pokemon-TCG-25th-Anniversary-Celebrations-Elite-Trainer-Box-front.webp","datePublished":"2024-03-08T17:57:15+00:00","dateModified":"2024-11-16T16:05:20+00:00","description":"Pokemon 25th Anniversary Elite Trainer Box \u2013 Celebrations - Pok\u00e9mon TCG 25th Anniversary Celebrations Elite Trainer Box - Verzegeld","breadcrumb":{"@id":"https:\/\/sports-cards.nl\/nl\/product\/pokemon-tcg-25th-anniversary-celebrations-elite-trainer-box\/#breadcrumb"},"inLanguage":"nl-NL","potentialAction":[{"@type":"ReadAction","target":["https:\/\/sports-cards.nl\/nl\/product\/pokemon-tcg-25th-anniversary-celebrations-elite-trainer-box\/"]}]},{"@type":"ImageObject","inLanguage":"nl-NL","@id":"https:\/\/sports-cards.nl\/nl\/product\/pokemon-tcg-25th-anniversary-celebrations-elite-trainer-box\/#primaryimage","url":"https:\/\/sports-cards.nl\/wp-content\/uploads\/2024\/03\/Pokemon-TCG-25th-Anniversary-Celebrations-Elite-Trainer-Box-front.webp","contentUrl":"https:\/\/sports-cards.nl\/wp-content\/uploads\/2024\/03\/Pokemon-TCG-25th-Anniversary-Celebrations-Elite-Trainer-Box-front.webp","width":1200,"height":1400,"caption":"Pok\u00e9mon TCG 25th Anniversary Celebrations Elite Trainer Box - front"},{"@type":"BreadcrumbList","@id":"https:\/\/sports-cards.nl\/nl\/product\/pokemon-tcg-25th-anniversary-celebrations-elite-trainer-box\/#breadcrumb","itemListElement":[{"@type":"ListItem","position":1,"name":"Home","item":"https:\/\/sports-cards.nl\/nl\/"},{"@type":"ListItem","position":2,"name":"Sportkaarten webwinkel","item":"https:\/\/sports-cards.nl\/nl\/winkel\/"},{"@type":"ListItem","position":3,"name":"Pok\u00e9mon TCG 25th Anniversary Celebrations Elite Trainer Box &#8211; Verzegeld"}]},{"@type":"WebSite","@id":"https:\/\/sports-cards.nl\/nl\/#website","url":"https:\/\/sports-cards.nl\/nl\/","name":"Sports Cards NL","description":"Verzamelkaarten uit de NBA basketball \/ NHL hockey \/ NFL football \/ MLB baseball \/ Formule 1 \/ Voetbal \/ POP! \/ WWE  \/ Marvel \/ UFC \/ Racing \/ Pop culture \/ TCG  &amp; Packs \/ Boxes \/ Supplies \/ Jerseys \/ Boardgames &amp; More","publisher":{"@id":"https:\/\/sports-cards.nl\/nl\/#organization"},"alternateName":"sports-cards.nl","potentialAction":[{"@type":"SearchAction","target":{"@type":"EntryPoint","urlTemplate":"https:\/\/sports-cards.nl\/nl\/?s={search_term_string}"},"query-input":{"@type":"PropertyValueSpecification","valueRequired":true,"valueName":"search_term_string"}}],"inLanguage":"nl-NL"},{"@type":"Organization","@id":"https:\/\/sports-cards.nl\/nl\/#organization","name":"Sports Cards NL","alternateName":"sports-cards.nl","url":"https:\/\/sports-cards.nl\/nl\/","logo":{"@type":"ImageObject","inLanguage":"nl-NL","@id":"https:\/\/sports-cards.nl\/nl\/#\/schema\/logo\/image\/","url":"https:\/\/sports-cards.nl\/wp-content\/uploads\/2025\/07\/Sports-Cards-NL-Logo-500-square.webp","contentUrl":"https:\/\/sports-cards.nl\/wp-content\/uploads\/2025\/07\/Sports-Cards-NL-Logo-500-square.webp","width":500,"height":500,"caption":"Sports Cards NL"},"image":{"@id":"https:\/\/sports-cards.nl\/nl\/#\/schema\/logo\/image\/"},"sameAs":["https:\/\/www.facebook.com\/sportscardsnl","https:\/\/www.instagram.com\/sports_cards_nl\/","https:\/\/nl.pinterest.com\/sportscardsnetherlandsnl\/","https:\/\/www.youtube.com\/@sports.cards.netherlands"],"ownershipFundingInfo":"https:\/\/sports-cards.nl\/about-sports-cards-nl\/"}]},"product_brand":"The Pok\u00e9mon Company","product_price_amount":"113.86","product_price_currency":"USD","og_availability":"out of stock","product_availability":"out of stock","product_retailer_item_id":"Pokemon - TCG - 25AC ET TB","product_condition":"new"},"_links":{"self":[{"href":"https:\/\/sports-cards.nl\/nl\/wp-json\/wp\/v2\/product\/22143","targetHints":{"allow":["GET"]}}],"collection":[{"href":"https:\/\/sports-cards.nl\/nl\/wp-json\/wp\/v2\/product"}],"about":[{"href":"https:\/\/sports-cards.nl\/nl\/wp-json\/wp\/v2\/types\/product"}],"wp:featuredmedia":[{"embeddable":true,"href":"https:\/\/sports-cards.nl\/nl\/wp-json\/wp\/v2\/media\/22145"}],"wp:attachment":[{"href":"https:\/\/sports-cards.nl\/nl\/wp-json\/wp\/v2\/media?parent=22143"}],"wp:term":[{"taxonomy":"product_brand","embeddable":true,"href":"https:\/\/sports-cards.nl\/nl\/wp-json\/wp\/v2\/product_brand?post=22143"},{"taxonomy":"product_cat","embeddable":true,"href":"https:\/\/sports-cards.nl\/nl\/wp-json\/wp\/v2\/product_cat?post=22143"},{"taxonomy":"product_tag","embeddable":true,"href":"https:\/\/sports-cards.nl\/nl\/wp-json\/wp\/v2\/product_tag?post=22143"}],"curies":[{"name":"wp","href":"https:\/\/api.w.org\/{rel}","templated":true}]}}