{"id":28700,"date":"2024-11-15T10:21:11","date_gmt":"2024-11-15T09:21:11","guid":{"rendered":"https:\/\/sports-cards.nl\/?post_type=product&#038;p=28700"},"modified":"2024-11-16T16:57:13","modified_gmt":"2024-11-16T15:57:13","slug":"pokemon-tcg-scarlet-violet-paldean-fates-booster-6pk-bundle-sealed","status":"publish","type":"product","link":"https:\/\/sports-cards.nl\/nl\/product\/pokemon-tcg-scarlet-violet-paldean-fates-booster-6pk-bundle-sealed\/","title":{"rendered":"Pokemon TCG Scarlet &amp; Violet Paldean Fates Booster 6pk Bundle \u2013 Verzegeld"},"content":{"rendered":"<p>Een Scarlet &amp; Violet Paldean Fates Pok\u00e9mon booster bundle zes boosterpacks.<br \/>\nHet was voorbestemd dat shiny Pok\u00e9mon hun terugkeer zouden maken naar de Pok\u00e9mon TCG. Met Pok\u00e9mon Scarlet &amp; Violet Paldean Fates verzamel je maar liefst 130 verschillende shiny Pok\u00e9mon zoals Pikachu, Tinkaton, Dondozo en vele anderen. Maar dat is niet alles, in deze speciale set tref je ook Ancient en Future Pok\u00e9mon ex aan en laten Charizard, Forretress en Espartha zich van hun beste kant zien als shiny Tera Pok\u00e9mon ex. Wordt deze set het nieuwe lichtpunt van je verzameling?<br \/>\nPaldean Fates bestaat uit meer dan 240 kaarten waaronder 130 shiny Pok\u00e9mon, 11 shiny Pok\u00e9mon ex, zeven Pok\u00e9mon ex en drie Tera Pok\u00e9mon ex, 11 illustratie kaarten en zes hyper rare kaarten voorzien van een gloednieuw raised foil effect. Verzamel ze allemaal!<br \/>\n<strong>The Pokemon TCG: <em>Scarlet &amp; Violet Paldean Fates<\/em> Booster Bundel bevat:<\/strong><\/p>\n<ul>\n<li>6 Pok\u00e9mon TCG: <em>Scarlet &amp; Violet Paldean Fates<\/em> Booster Packs.<\/li>\n<li>Elk Booster Pack bevat 10 kaarten en 1 energiekaart.<\/li>\n<\/ul>\n<p>Meer informatie over <a href=\"https:\/\/www.pokemon.com\/us\/pokemon-tcg\" target=\"_blank\" rel=\"noopener\">Pokemon <\/a>ruilkaartspel.<\/p>\n","protected":false},"excerpt":{"rendered":"<p>Scarlet &amp; Violet Paldean Fates Booster Bundle<\/p>\n","protected":false},"featured_media":28721,"template":"","meta":{"googlesitekit_rrm_CAowi9S-DA:productID":""},"product_brand":[],"product_cat":[1270,2407],"product_tag":[2274,2422],"class_list":{"0":"post-28700","1":"product","2":"type-product","3":"status-publish","4":"has-post-thumbnail","6":"product_cat-pack-boxes-nl","7":"product_cat-tcg-packs-boxes-nl","8":"product_tag-pokemon-nl","9":"product_tag-scarlet-violet-nl","10":"product_shipping_class-products-light-nl","12":"first","13":"outofstock","14":"taxable","15":"shipping-taxable","16":"purchasable","17":"product-type-simple"},"yoast_head":"<!-- This site is optimized with the Yoast SEO Premium plugin v21.6 (Yoast SEO v27.4) - https:\/\/yoast.com\/product\/yoast-seo-premium-wordpress\/ -->\n<title>Pokemon TCG Scarlet &amp; Violet Paldean Fates Booster 6pk Bundle \u2013 Verzegeld<\/title>\n<meta name=\"description\" content=\"Scarlet &amp; Violet Paldean Fates Booster Bundle - Pokemon TCG Scarlet &amp; Violet Paldean Fates Booster 6pk Bundle \u2013 Verzegeld\" \/>\n<meta name=\"robots\" content=\"index, follow, max-snippet:-1, max-image-preview:large, max-video-preview:-1\" \/>\n<link rel=\"canonical\" href=\"https:\/\/sports-cards.nl\/nl\/product\/pokemon-tcg-scarlet-violet-paldean-fates-booster-6pk-bundle-sealed\/\" \/>\n<meta property=\"og:locale\" content=\"nl_NL\" \/>\n<meta property=\"og:type\" content=\"article\" \/>\n<meta property=\"og:title\" content=\"Pokemon TCG Scarlet &amp; Violet Paldean Fates Booster 6pk Bundle \u2013 Verzegeld\" \/>\n<meta property=\"og:description\" content=\"Scarlet &amp; Violet Paldean Fates Booster Bundle - Pokemon TCG Scarlet &amp; Violet Paldean Fates Booster 6pk Bundle \u2013 Verzegeld\" \/>\n<meta property=\"og:url\" content=\"https:\/\/sports-cards.nl\/nl\/product\/pokemon-tcg-scarlet-violet-paldean-fates-booster-6pk-bundle-sealed\/\" \/>\n<meta property=\"og:site_name\" content=\"Sports Cards NL\" \/>\n<meta property=\"article:publisher\" content=\"https:\/\/www.facebook.com\/sportscardsnl\" \/>\n<meta property=\"article:modified_time\" content=\"2024-11-16T15:57:13+00:00\" \/>\n<meta property=\"og:image\" content=\"https:\/\/sports-cards.nl\/wp-content\/uploads\/2024\/11\/Pokemon-TCG-Scarlet-Violet-Paldean-Fates-Booster-6pk-Bundle-Sealed-stand.webp\" \/>\n\t<meta property=\"og:image:width\" content=\"1200\" \/>\n\t<meta property=\"og:image:height\" content=\"1400\" \/>\n\t<meta property=\"og:image:type\" content=\"image\/webp\" \/>\n<meta name=\"twitter:card\" content=\"summary_large_image\" \/>\n<meta name=\"twitter:label1\" content=\"Prijs\" \/>\n\t<meta name=\"twitter:data1\" content=\"&#036;41.95\" \/>\n\t<meta name=\"twitter:label2\" content=\"Beschikbaarheid\" \/>\n\t<meta name=\"twitter:data2\" content=\"Uitverkocht\" \/>\n<script type=\"application\/ld+json\" class=\"yoast-schema-graph\">{\"@context\":\"https:\\\/\\\/schema.org\",\"@graph\":[{\"@type\":\"WebPage\",\"@id\":\"https:\\\/\\\/sports-cards.nl\\\/nl\\\/product\\\/pokemon-tcg-scarlet-violet-paldean-fates-booster-6pk-bundle-sealed\\\/\",\"url\":\"https:\\\/\\\/sports-cards.nl\\\/nl\\\/product\\\/pokemon-tcg-scarlet-violet-paldean-fates-booster-6pk-bundle-sealed\\\/\",\"name\":\"Pokemon TCG Scarlet &amp; Violet Paldean Fates Booster 6pk Bundle \u2013 Verzegeld\",\"isPartOf\":{\"@id\":\"https:\\\/\\\/sports-cards.nl\\\/nl\\\/#website\"},\"primaryImageOfPage\":{\"@id\":\"https:\\\/\\\/sports-cards.nl\\\/nl\\\/product\\\/pokemon-tcg-scarlet-violet-paldean-fates-booster-6pk-bundle-sealed\\\/#primaryimage\"},\"image\":{\"@id\":\"https:\\\/\\\/sports-cards.nl\\\/nl\\\/product\\\/pokemon-tcg-scarlet-violet-paldean-fates-booster-6pk-bundle-sealed\\\/#primaryimage\"},\"thumbnailUrl\":\"https:\\\/\\\/sports-cards.nl\\\/wp-content\\\/uploads\\\/2024\\\/11\\\/Pokemon-TCG-Scarlet-Violet-Paldean-Fates-Booster-6pk-Bundle-Sealed-stand.webp\",\"datePublished\":\"2024-11-15T09:21:11+00:00\",\"dateModified\":\"2024-11-16T15:57:13+00:00\",\"description\":\"Scarlet &amp; Violet Paldean Fates Booster Bundle - Pokemon TCG Scarlet &amp; Violet Paldean Fates Booster 6pk Bundle \u2013 Verzegeld\",\"breadcrumb\":{\"@id\":\"https:\\\/\\\/sports-cards.nl\\\/nl\\\/product\\\/pokemon-tcg-scarlet-violet-paldean-fates-booster-6pk-bundle-sealed\\\/#breadcrumb\"},\"inLanguage\":\"nl-NL\",\"potentialAction\":[{\"@type\":\"ReadAction\",\"target\":[\"https:\\\/\\\/sports-cards.nl\\\/nl\\\/product\\\/pokemon-tcg-scarlet-violet-paldean-fates-booster-6pk-bundle-sealed\\\/\"]}]},{\"@type\":\"ImageObject\",\"inLanguage\":\"nl-NL\",\"@id\":\"https:\\\/\\\/sports-cards.nl\\\/nl\\\/product\\\/pokemon-tcg-scarlet-violet-paldean-fates-booster-6pk-bundle-sealed\\\/#primaryimage\",\"url\":\"https:\\\/\\\/sports-cards.nl\\\/wp-content\\\/uploads\\\/2024\\\/11\\\/Pokemon-TCG-Scarlet-Violet-Paldean-Fates-Booster-6pk-Bundle-Sealed-stand.webp\",\"contentUrl\":\"https:\\\/\\\/sports-cards.nl\\\/wp-content\\\/uploads\\\/2024\\\/11\\\/Pokemon-TCG-Scarlet-Violet-Paldean-Fates-Booster-6pk-Bundle-Sealed-stand.webp\",\"width\":1200,\"height\":1400,\"caption\":\"Pokemon TCG Scarlet & Violet Paldean Fates Booster 6pk Bundle - Sealed - stand\"},{\"@type\":\"BreadcrumbList\",\"@id\":\"https:\\\/\\\/sports-cards.nl\\\/nl\\\/product\\\/pokemon-tcg-scarlet-violet-paldean-fates-booster-6pk-bundle-sealed\\\/#breadcrumb\",\"itemListElement\":[{\"@type\":\"ListItem\",\"position\":1,\"name\":\"Home\",\"item\":\"https:\\\/\\\/sports-cards.nl\\\/nl\\\/\"},{\"@type\":\"ListItem\",\"position\":2,\"name\":\"Sportkaarten webwinkel\",\"item\":\"https:\\\/\\\/sports-cards.nl\\\/nl\\\/winkel\\\/\"},{\"@type\":\"ListItem\",\"position\":3,\"name\":\"Pokemon TCG Scarlet &amp; Violet Paldean Fates Booster 6pk Bundle \u2013 Verzegeld\"}]},{\"@type\":\"WebSite\",\"@id\":\"https:\\\/\\\/sports-cards.nl\\\/nl\\\/#website\",\"url\":\"https:\\\/\\\/sports-cards.nl\\\/nl\\\/\",\"name\":\"Sports Cards NL\",\"description\":\"Verzamelkaarten uit de NBA basketball \\\/ NHL hockey \\\/ NFL football \\\/ MLB baseball \\\/ Formule 1 \\\/ Voetbal \\\/ POP! \\\/ WWE  \\\/ Marvel \\\/ UFC \\\/ Racing \\\/ Pop culture \\\/ TCG  &amp; Packs \\\/ Boxes \\\/ Supplies \\\/ Jerseys \\\/ Boardgames &amp; More\",\"publisher\":{\"@id\":\"https:\\\/\\\/sports-cards.nl\\\/nl\\\/#organization\"},\"alternateName\":\"sports-cards.nl\",\"potentialAction\":[{\"@type\":\"SearchAction\",\"target\":{\"@type\":\"EntryPoint\",\"urlTemplate\":\"https:\\\/\\\/sports-cards.nl\\\/nl\\\/?s={search_term_string}\"},\"query-input\":{\"@type\":\"PropertyValueSpecification\",\"valueRequired\":true,\"valueName\":\"search_term_string\"}}],\"inLanguage\":\"nl-NL\"},{\"@type\":\"Organization\",\"@id\":\"https:\\\/\\\/sports-cards.nl\\\/nl\\\/#organization\",\"name\":\"Sports Cards NL\",\"alternateName\":\"sports-cards.nl\",\"url\":\"https:\\\/\\\/sports-cards.nl\\\/nl\\\/\",\"logo\":{\"@type\":\"ImageObject\",\"inLanguage\":\"nl-NL\",\"@id\":\"https:\\\/\\\/sports-cards.nl\\\/nl\\\/#\\\/schema\\\/logo\\\/image\\\/\",\"url\":\"https:\\\/\\\/sports-cards.nl\\\/wp-content\\\/uploads\\\/2025\\\/07\\\/Sports-Cards-NL-Logo-500-square.webp\",\"contentUrl\":\"https:\\\/\\\/sports-cards.nl\\\/wp-content\\\/uploads\\\/2025\\\/07\\\/Sports-Cards-NL-Logo-500-square.webp\",\"width\":500,\"height\":500,\"caption\":\"Sports Cards NL\"},\"image\":{\"@id\":\"https:\\\/\\\/sports-cards.nl\\\/nl\\\/#\\\/schema\\\/logo\\\/image\\\/\"},\"sameAs\":[\"https:\\\/\\\/www.facebook.com\\\/sportscardsnl\",\"https:\\\/\\\/www.instagram.com\\\/sports_cards_nl\\\/\",\"https:\\\/\\\/nl.pinterest.com\\\/sportscardsnetherlandsnl\\\/\",\"https:\\\/\\\/www.youtube.com\\\/@sports.cards.netherlands\"],\"ownershipFundingInfo\":\"https:\\\/\\\/sports-cards.nl\\\/about-sports-cards-nl\\\/\"}]}<\/script>\n<meta property=\"product:brand\" content=\"The Pok\u00e9mon Company\" \/>\n<meta property=\"product:price:amount\" content=\"41.95\" \/>\n<meta property=\"product:price:currency\" content=\"USD\" \/>\n<meta property=\"og:availability\" content=\"out of stock\" \/>\n<meta property=\"product:availability\" content=\"out of stock\" \/>\n<meta property=\"product:retailer_item_id\" content=\"Pokemon - TCG - S&amp;V PF BB\" \/>\n<meta property=\"product:condition\" content=\"new\" \/>\n<!-- \/ Yoast SEO Premium plugin. -->","yoast_head_json":{"title":"Pokemon TCG Scarlet &amp; Violet Paldean Fates Booster 6pk Bundle \u2013 Verzegeld","description":"Scarlet &amp; Violet Paldean Fates Booster Bundle - Pokemon TCG Scarlet &amp; Violet Paldean Fates Booster 6pk Bundle \u2013 Verzegeld","robots":{"index":"index","follow":"follow","max-snippet":"max-snippet:-1","max-image-preview":"max-image-preview:large","max-video-preview":"max-video-preview:-1"},"canonical":"https:\/\/sports-cards.nl\/nl\/product\/pokemon-tcg-scarlet-violet-paldean-fates-booster-6pk-bundle-sealed\/","og_locale":"nl_NL","og_type":"article","og_title":"Pokemon TCG Scarlet &amp; Violet Paldean Fates Booster 6pk Bundle \u2013 Verzegeld","og_description":"Scarlet &amp; Violet Paldean Fates Booster Bundle - Pokemon TCG Scarlet &amp; Violet Paldean Fates Booster 6pk Bundle \u2013 Verzegeld","og_url":"https:\/\/sports-cards.nl\/nl\/product\/pokemon-tcg-scarlet-violet-paldean-fates-booster-6pk-bundle-sealed\/","og_site_name":"Sports Cards NL","article_publisher":"https:\/\/www.facebook.com\/sportscardsnl","article_modified_time":"2024-11-16T15:57:13+00:00","og_image":[{"width":1200,"height":1400,"url":"https:\/\/sports-cards.nl\/wp-content\/uploads\/2024\/11\/Pokemon-TCG-Scarlet-Violet-Paldean-Fates-Booster-6pk-Bundle-Sealed-stand.webp","type":"image\/webp"}],"twitter_card":"summary_large_image","twitter_misc":{"Prijs":"&#36;41.95","Beschikbaarheid":"Uitverkocht"},"schema":{"@context":"https:\/\/schema.org","@graph":[{"@type":"WebPage","@id":"https:\/\/sports-cards.nl\/nl\/product\/pokemon-tcg-scarlet-violet-paldean-fates-booster-6pk-bundle-sealed\/","url":"https:\/\/sports-cards.nl\/nl\/product\/pokemon-tcg-scarlet-violet-paldean-fates-booster-6pk-bundle-sealed\/","name":"Pokemon TCG Scarlet &amp; Violet Paldean Fates Booster 6pk Bundle \u2013 Verzegeld","isPartOf":{"@id":"https:\/\/sports-cards.nl\/nl\/#website"},"primaryImageOfPage":{"@id":"https:\/\/sports-cards.nl\/nl\/product\/pokemon-tcg-scarlet-violet-paldean-fates-booster-6pk-bundle-sealed\/#primaryimage"},"image":{"@id":"https:\/\/sports-cards.nl\/nl\/product\/pokemon-tcg-scarlet-violet-paldean-fates-booster-6pk-bundle-sealed\/#primaryimage"},"thumbnailUrl":"https:\/\/sports-cards.nl\/wp-content\/uploads\/2024\/11\/Pokemon-TCG-Scarlet-Violet-Paldean-Fates-Booster-6pk-Bundle-Sealed-stand.webp","datePublished":"2024-11-15T09:21:11+00:00","dateModified":"2024-11-16T15:57:13+00:00","description":"Scarlet &amp; Violet Paldean Fates Booster Bundle - Pokemon TCG Scarlet &amp; Violet Paldean Fates Booster 6pk Bundle \u2013 Verzegeld","breadcrumb":{"@id":"https:\/\/sports-cards.nl\/nl\/product\/pokemon-tcg-scarlet-violet-paldean-fates-booster-6pk-bundle-sealed\/#breadcrumb"},"inLanguage":"nl-NL","potentialAction":[{"@type":"ReadAction","target":["https:\/\/sports-cards.nl\/nl\/product\/pokemon-tcg-scarlet-violet-paldean-fates-booster-6pk-bundle-sealed\/"]}]},{"@type":"ImageObject","inLanguage":"nl-NL","@id":"https:\/\/sports-cards.nl\/nl\/product\/pokemon-tcg-scarlet-violet-paldean-fates-booster-6pk-bundle-sealed\/#primaryimage","url":"https:\/\/sports-cards.nl\/wp-content\/uploads\/2024\/11\/Pokemon-TCG-Scarlet-Violet-Paldean-Fates-Booster-6pk-Bundle-Sealed-stand.webp","contentUrl":"https:\/\/sports-cards.nl\/wp-content\/uploads\/2024\/11\/Pokemon-TCG-Scarlet-Violet-Paldean-Fates-Booster-6pk-Bundle-Sealed-stand.webp","width":1200,"height":1400,"caption":"Pokemon TCG Scarlet & Violet Paldean Fates Booster 6pk Bundle - Sealed - stand"},{"@type":"BreadcrumbList","@id":"https:\/\/sports-cards.nl\/nl\/product\/pokemon-tcg-scarlet-violet-paldean-fates-booster-6pk-bundle-sealed\/#breadcrumb","itemListElement":[{"@type":"ListItem","position":1,"name":"Home","item":"https:\/\/sports-cards.nl\/nl\/"},{"@type":"ListItem","position":2,"name":"Sportkaarten webwinkel","item":"https:\/\/sports-cards.nl\/nl\/winkel\/"},{"@type":"ListItem","position":3,"name":"Pokemon TCG Scarlet &amp; Violet Paldean Fates Booster 6pk Bundle \u2013 Verzegeld"}]},{"@type":"WebSite","@id":"https:\/\/sports-cards.nl\/nl\/#website","url":"https:\/\/sports-cards.nl\/nl\/","name":"Sports Cards NL","description":"Verzamelkaarten uit de NBA basketball \/ NHL hockey \/ NFL football \/ MLB baseball \/ Formule 1 \/ Voetbal \/ POP! \/ WWE  \/ Marvel \/ UFC \/ Racing \/ Pop culture \/ TCG  &amp; Packs \/ Boxes \/ Supplies \/ Jerseys \/ Boardgames &amp; More","publisher":{"@id":"https:\/\/sports-cards.nl\/nl\/#organization"},"alternateName":"sports-cards.nl","potentialAction":[{"@type":"SearchAction","target":{"@type":"EntryPoint","urlTemplate":"https:\/\/sports-cards.nl\/nl\/?s={search_term_string}"},"query-input":{"@type":"PropertyValueSpecification","valueRequired":true,"valueName":"search_term_string"}}],"inLanguage":"nl-NL"},{"@type":"Organization","@id":"https:\/\/sports-cards.nl\/nl\/#organization","name":"Sports Cards NL","alternateName":"sports-cards.nl","url":"https:\/\/sports-cards.nl\/nl\/","logo":{"@type":"ImageObject","inLanguage":"nl-NL","@id":"https:\/\/sports-cards.nl\/nl\/#\/schema\/logo\/image\/","url":"https:\/\/sports-cards.nl\/wp-content\/uploads\/2025\/07\/Sports-Cards-NL-Logo-500-square.webp","contentUrl":"https:\/\/sports-cards.nl\/wp-content\/uploads\/2025\/07\/Sports-Cards-NL-Logo-500-square.webp","width":500,"height":500,"caption":"Sports Cards NL"},"image":{"@id":"https:\/\/sports-cards.nl\/nl\/#\/schema\/logo\/image\/"},"sameAs":["https:\/\/www.facebook.com\/sportscardsnl","https:\/\/www.instagram.com\/sports_cards_nl\/","https:\/\/nl.pinterest.com\/sportscardsnetherlandsnl\/","https:\/\/www.youtube.com\/@sports.cards.netherlands"],"ownershipFundingInfo":"https:\/\/sports-cards.nl\/about-sports-cards-nl\/"}]},"product_brand":"The Pok\u00e9mon Company","product_price_amount":"41.95","product_price_currency":"USD","og_availability":"out of stock","product_availability":"out of stock","product_retailer_item_id":"Pokemon - TCG - S&V PF BB","product_condition":"new"},"_links":{"self":[{"href":"https:\/\/sports-cards.nl\/nl\/wp-json\/wp\/v2\/product\/28700","targetHints":{"allow":["GET"]}}],"collection":[{"href":"https:\/\/sports-cards.nl\/nl\/wp-json\/wp\/v2\/product"}],"about":[{"href":"https:\/\/sports-cards.nl\/nl\/wp-json\/wp\/v2\/types\/product"}],"wp:featuredmedia":[{"embeddable":true,"href":"https:\/\/sports-cards.nl\/nl\/wp-json\/wp\/v2\/media\/28721"}],"wp:attachment":[{"href":"https:\/\/sports-cards.nl\/nl\/wp-json\/wp\/v2\/media?parent=28700"}],"wp:term":[{"taxonomy":"product_brand","embeddable":true,"href":"https:\/\/sports-cards.nl\/nl\/wp-json\/wp\/v2\/product_brand?post=28700"},{"taxonomy":"product_cat","embeddable":true,"href":"https:\/\/sports-cards.nl\/nl\/wp-json\/wp\/v2\/product_cat?post=28700"},{"taxonomy":"product_tag","embeddable":true,"href":"https:\/\/sports-cards.nl\/nl\/wp-json\/wp\/v2\/product_tag?post=28700"}],"curies":[{"name":"wp","href":"https:\/\/api.w.org\/{rel}","templated":true}]}}