{"id":28745,"date":"2024-11-15T15:46:46","date_gmt":"2024-11-15T14:46:46","guid":{"rendered":"https:\/\/sports-cards.nl\/?post_type=product&#038;p=28745"},"modified":"2024-11-16T16:56:47","modified_gmt":"2024-11-16T15:56:47","slug":"pokemon-tcg-scarlet-violet-stellar-crown-elite-trainer-box","status":"publish","type":"product","link":"https:\/\/sports-cards.nl\/nl\/product\/pokemon-tcg-scarlet-violet-stellar-crown-elite-trainer-box\/","title":{"rendered":"Pokemon TCG Scarlet &amp; Violet Stellar Crown Elite Trainer Box"},"content":{"rendered":"<p>Een Scarlet &amp; Violet Stellar Crown Elite Trainer Box van Pok\u00e9mon met Noctowl promo. Met Stellar Crown dalen we af onder de oppervlakte van Pok\u00e9mon Scarlet en Violet om het ware potentieel van het Terastal-fenomeen te ontdekken. Als Pok\u00e9mon-trainer krijg je hulp van krachtige Stellar Tera Pok\u00e9mon ex met prachtige nieuwe talenten. Ga de strijd aan met Pok\u00e9mon als Terapagos, Cinderace ex, Lapras ex en Galvantula ex of met de pas ontdekte Hydrapple ex! Ga jij op zoek naar alle hemelse nieuwe Pok\u00e9mon uit Stellar Crown of bedenk je nieuwe strategie\u00ebn om je tegenstanders te verslaan met de krachtige ACE SPEC traiter-kaarten? Scarlet &amp; Violet Stellar Crown bestaat uit meer dan 170 kaarten, waaronder 10 Pok\u00e9mon ex, vier Stellar Tera Pok\u00e9mon ex en drie ACE SPEC trainer cards. Misschien vind je wel een van de 19 verschillende zeldzame illustratie-Pok\u00e9mon of Supporters. Bovendien bevat elke Scarlet &amp; Violet Stellar Crown boosterpack gegarandeerd drie foliekaarten! Wil je je Pok\u00e9mon-collectie snel uitbreiden? Met een Elite Trainer Box heb je meteen toegang tot een groot aantal boosterpacks! Nu met negen boosterpacks in plaats van acht! Bovendien zit een Elite Trainer Box vol met genoeg accessoires om meteen te beginnen met spelen en een heleboel leuke extra&#8217;s. <strong>De Pokemon TCG: <em>Scarlet &amp; Violet-Stellar Crown<\/em> Elite Trainer Box bevat:<\/strong><\/p>\n<ul>\n<li>9 Pok\u00e9mon TCG: <em>Scarlet &amp; Violet\u2014Stellar Crown<\/em> booster packs<\/li>\n<li>1 full-art promo kaart met Noctowl<\/li>\n<li>65 kaart sleeves met de Stellar vorm van Terapagos<\/li>\n<li>45 Pok\u00e9mon TCG Energy-kaarten<\/li>\n<li>6 schade counter dobbelstenen<\/li>\n<li>1 tournament-legal coin-flip dobbelsteen<\/li>\n<li>2 condition markers<\/li>\n<li>1 handleiding voor de Scarlet &amp; Violet \u2013 Stellar Crown uitbreiding<\/li>\n<li>1 regelboekje van het Pok\u00e9mon Trading Cardgame<\/li>\n<li>Een collector\u2019s box om alles in te bewaren, met 4 dividers<\/li>\n<li>Een codekaart voor Pok\u00e9mon Trading Card Game Live<\/li>\n<\/ul>\n<p>Meer informatie over <a href=\"https:\/\/www.pokemon.com\/us\/pokemon-tcg\" target=\"_blank\" rel=\"noopener\">Pokemon <\/a>ruilkaartspel.<\/p>\n","protected":false},"excerpt":{"rendered":"<p>Scarlet &amp; Violet Stellar Crown Elite Trainer Box<\/p>\n","protected":false},"featured_media":28747,"template":"","meta":{"googlesitekit_rrm_CAowi9S-DA:productID":""},"product_brand":[],"product_cat":[1270,2407],"product_tag":[2274,2422],"class_list":{"0":"post-28745","1":"product","2":"type-product","3":"status-publish","4":"has-post-thumbnail","6":"product_cat-pack-boxes-nl","7":"product_cat-tcg-packs-boxes-nl","8":"product_tag-pokemon-nl","9":"product_tag-scarlet-violet-nl","10":"product_shipping_class-products-light-nl","12":"first","13":"outofstock","14":"taxable","15":"shipping-taxable","16":"purchasable","17":"product-type-simple"},"yoast_head":"<!-- This site is optimized with the Yoast SEO Premium plugin v21.6 (Yoast SEO v27.4) - https:\/\/yoast.com\/product\/yoast-seo-premium-wordpress\/ -->\n<title>Pokemon TCG Scarlet &amp; Violet Stellar Crown Elite Trainer Box<\/title>\n<meta name=\"description\" content=\"Scarlet &amp; Violet Stellar Crown Elite Trainer Box - Pokemon TCG Scarlet &amp; Violet Stellar Crown Elite Trainer Box\" \/>\n<meta name=\"robots\" content=\"index, follow, max-snippet:-1, max-image-preview:large, max-video-preview:-1\" \/>\n<link rel=\"canonical\" href=\"https:\/\/sports-cards.nl\/nl\/product\/pokemon-tcg-scarlet-violet-stellar-crown-elite-trainer-box\/\" \/>\n<meta property=\"og:locale\" content=\"nl_NL\" \/>\n<meta property=\"og:type\" content=\"article\" \/>\n<meta property=\"og:title\" content=\"Pokemon TCG Scarlet &amp; Violet Stellar Crown Elite Trainer Box\" \/>\n<meta property=\"og:description\" content=\"Scarlet &amp; Violet Stellar Crown Elite Trainer Box - Pokemon TCG Scarlet &amp; Violet Stellar Crown Elite Trainer Box\" \/>\n<meta property=\"og:url\" content=\"https:\/\/sports-cards.nl\/nl\/product\/pokemon-tcg-scarlet-violet-stellar-crown-elite-trainer-box\/\" \/>\n<meta property=\"og:site_name\" content=\"Sports Cards NL\" \/>\n<meta property=\"article:publisher\" content=\"https:\/\/www.facebook.com\/sportscardsnl\" \/>\n<meta property=\"article:modified_time\" content=\"2024-11-16T15:56:47+00:00\" \/>\n<meta property=\"og:image\" content=\"https:\/\/sports-cards.nl\/wp-content\/uploads\/2024\/11\/Pokemon-TCG-Scarlet-Violet-Stellar-Crown-Elite-Trainer-Box-stand.webp\" \/>\n\t<meta property=\"og:image:width\" content=\"1200\" \/>\n\t<meta property=\"og:image:height\" content=\"1400\" \/>\n\t<meta property=\"og:image:type\" content=\"image\/webp\" \/>\n<meta name=\"twitter:card\" content=\"summary_large_image\" \/>\n<meta name=\"twitter:label1\" content=\"Prijs\" \/>\n\t<meta name=\"twitter:data1\" content=\"&#036;52.74\" \/>\n\t<meta name=\"twitter:label2\" content=\"Beschikbaarheid\" \/>\n\t<meta name=\"twitter:data2\" content=\"Uitverkocht\" \/>\n<script type=\"application\/ld+json\" class=\"yoast-schema-graph\">{\"@context\":\"https:\\\/\\\/schema.org\",\"@graph\":[{\"@type\":\"WebPage\",\"@id\":\"https:\\\/\\\/sports-cards.nl\\\/nl\\\/product\\\/pokemon-tcg-scarlet-violet-stellar-crown-elite-trainer-box\\\/\",\"url\":\"https:\\\/\\\/sports-cards.nl\\\/nl\\\/product\\\/pokemon-tcg-scarlet-violet-stellar-crown-elite-trainer-box\\\/\",\"name\":\"Pokemon TCG Scarlet &amp; Violet Stellar Crown Elite Trainer Box\",\"isPartOf\":{\"@id\":\"https:\\\/\\\/sports-cards.nl\\\/nl\\\/#website\"},\"primaryImageOfPage\":{\"@id\":\"https:\\\/\\\/sports-cards.nl\\\/nl\\\/product\\\/pokemon-tcg-scarlet-violet-stellar-crown-elite-trainer-box\\\/#primaryimage\"},\"image\":{\"@id\":\"https:\\\/\\\/sports-cards.nl\\\/nl\\\/product\\\/pokemon-tcg-scarlet-violet-stellar-crown-elite-trainer-box\\\/#primaryimage\"},\"thumbnailUrl\":\"https:\\\/\\\/sports-cards.nl\\\/wp-content\\\/uploads\\\/2024\\\/11\\\/Pokemon-TCG-Scarlet-Violet-Stellar-Crown-Elite-Trainer-Box-stand.webp\",\"datePublished\":\"2024-11-15T14:46:46+00:00\",\"dateModified\":\"2024-11-16T15:56:47+00:00\",\"description\":\"Scarlet &amp; Violet Stellar Crown Elite Trainer Box - Pokemon TCG Scarlet &amp; Violet Stellar Crown Elite Trainer Box\",\"breadcrumb\":{\"@id\":\"https:\\\/\\\/sports-cards.nl\\\/nl\\\/product\\\/pokemon-tcg-scarlet-violet-stellar-crown-elite-trainer-box\\\/#breadcrumb\"},\"inLanguage\":\"nl-NL\",\"potentialAction\":[{\"@type\":\"ReadAction\",\"target\":[\"https:\\\/\\\/sports-cards.nl\\\/nl\\\/product\\\/pokemon-tcg-scarlet-violet-stellar-crown-elite-trainer-box\\\/\"]}]},{\"@type\":\"ImageObject\",\"inLanguage\":\"nl-NL\",\"@id\":\"https:\\\/\\\/sports-cards.nl\\\/nl\\\/product\\\/pokemon-tcg-scarlet-violet-stellar-crown-elite-trainer-box\\\/#primaryimage\",\"url\":\"https:\\\/\\\/sports-cards.nl\\\/wp-content\\\/uploads\\\/2024\\\/11\\\/Pokemon-TCG-Scarlet-Violet-Stellar-Crown-Elite-Trainer-Box-stand.webp\",\"contentUrl\":\"https:\\\/\\\/sports-cards.nl\\\/wp-content\\\/uploads\\\/2024\\\/11\\\/Pokemon-TCG-Scarlet-Violet-Stellar-Crown-Elite-Trainer-Box-stand.webp\",\"width\":1200,\"height\":1400,\"caption\":\"Pokemon TCG Scarlet &amp; Violet Stellar Crown Elite Trainer Box - stand\"},{\"@type\":\"BreadcrumbList\",\"@id\":\"https:\\\/\\\/sports-cards.nl\\\/nl\\\/product\\\/pokemon-tcg-scarlet-violet-stellar-crown-elite-trainer-box\\\/#breadcrumb\",\"itemListElement\":[{\"@type\":\"ListItem\",\"position\":1,\"name\":\"Home\",\"item\":\"https:\\\/\\\/sports-cards.nl\\\/nl\\\/\"},{\"@type\":\"ListItem\",\"position\":2,\"name\":\"Sportkaarten webwinkel\",\"item\":\"https:\\\/\\\/sports-cards.nl\\\/nl\\\/winkel\\\/\"},{\"@type\":\"ListItem\",\"position\":3,\"name\":\"Pokemon TCG Scarlet &amp; Violet Stellar Crown Elite Trainer Box\"}]},{\"@type\":\"WebSite\",\"@id\":\"https:\\\/\\\/sports-cards.nl\\\/nl\\\/#website\",\"url\":\"https:\\\/\\\/sports-cards.nl\\\/nl\\\/\",\"name\":\"Sports Cards NL\",\"description\":\"Verzamelkaarten uit de NBA basketball \\\/ NHL hockey \\\/ NFL football \\\/ MLB baseball \\\/ Formule 1 \\\/ Voetbal \\\/ POP! \\\/ WWE  \\\/ Marvel \\\/ UFC \\\/ Racing \\\/ Pop culture \\\/ TCG  &amp; Packs \\\/ Boxes \\\/ Supplies \\\/ Jerseys \\\/ Boardgames &amp; More\",\"publisher\":{\"@id\":\"https:\\\/\\\/sports-cards.nl\\\/nl\\\/#organization\"},\"alternateName\":\"sports-cards.nl\",\"potentialAction\":[{\"@type\":\"SearchAction\",\"target\":{\"@type\":\"EntryPoint\",\"urlTemplate\":\"https:\\\/\\\/sports-cards.nl\\\/nl\\\/?s={search_term_string}\"},\"query-input\":{\"@type\":\"PropertyValueSpecification\",\"valueRequired\":true,\"valueName\":\"search_term_string\"}}],\"inLanguage\":\"nl-NL\"},{\"@type\":\"Organization\",\"@id\":\"https:\\\/\\\/sports-cards.nl\\\/nl\\\/#organization\",\"name\":\"Sports Cards NL\",\"alternateName\":\"sports-cards.nl\",\"url\":\"https:\\\/\\\/sports-cards.nl\\\/nl\\\/\",\"logo\":{\"@type\":\"ImageObject\",\"inLanguage\":\"nl-NL\",\"@id\":\"https:\\\/\\\/sports-cards.nl\\\/nl\\\/#\\\/schema\\\/logo\\\/image\\\/\",\"url\":\"https:\\\/\\\/sports-cards.nl\\\/wp-content\\\/uploads\\\/2025\\\/07\\\/Sports-Cards-NL-Logo-500-square.webp\",\"contentUrl\":\"https:\\\/\\\/sports-cards.nl\\\/wp-content\\\/uploads\\\/2025\\\/07\\\/Sports-Cards-NL-Logo-500-square.webp\",\"width\":500,\"height\":500,\"caption\":\"Sports Cards NL\"},\"image\":{\"@id\":\"https:\\\/\\\/sports-cards.nl\\\/nl\\\/#\\\/schema\\\/logo\\\/image\\\/\"},\"sameAs\":[\"https:\\\/\\\/www.facebook.com\\\/sportscardsnl\",\"https:\\\/\\\/www.instagram.com\\\/sports_cards_nl\\\/\",\"https:\\\/\\\/nl.pinterest.com\\\/sportscardsnetherlandsnl\\\/\",\"https:\\\/\\\/www.youtube.com\\\/@sports.cards.netherlands\"],\"ownershipFundingInfo\":\"https:\\\/\\\/sports-cards.nl\\\/about-sports-cards-nl\\\/\"}]}<\/script>\n<meta property=\"product:brand\" content=\"The Pok\u00e9mon Company\" \/>\n<meta property=\"product:price:amount\" content=\"52.74\" \/>\n<meta property=\"product:price:currency\" content=\"USD\" \/>\n<meta property=\"og:availability\" content=\"out of stock\" \/>\n<meta property=\"product:availability\" content=\"out of stock\" \/>\n<meta property=\"product:retailer_item_id\" content=\"Pokemon - TCG - S&amp;V SCE TB\" \/>\n<meta property=\"product:condition\" content=\"new\" \/>\n<!-- \/ Yoast SEO Premium plugin. -->","yoast_head_json":{"title":"Pokemon TCG Scarlet &amp; Violet Stellar Crown Elite Trainer Box","description":"Scarlet &amp; Violet Stellar Crown Elite Trainer Box - Pokemon TCG Scarlet &amp; Violet Stellar Crown Elite Trainer Box","robots":{"index":"index","follow":"follow","max-snippet":"max-snippet:-1","max-image-preview":"max-image-preview:large","max-video-preview":"max-video-preview:-1"},"canonical":"https:\/\/sports-cards.nl\/nl\/product\/pokemon-tcg-scarlet-violet-stellar-crown-elite-trainer-box\/","og_locale":"nl_NL","og_type":"article","og_title":"Pokemon TCG Scarlet &amp; Violet Stellar Crown Elite Trainer Box","og_description":"Scarlet &amp; Violet Stellar Crown Elite Trainer Box - Pokemon TCG Scarlet &amp; Violet Stellar Crown Elite Trainer Box","og_url":"https:\/\/sports-cards.nl\/nl\/product\/pokemon-tcg-scarlet-violet-stellar-crown-elite-trainer-box\/","og_site_name":"Sports Cards NL","article_publisher":"https:\/\/www.facebook.com\/sportscardsnl","article_modified_time":"2024-11-16T15:56:47+00:00","og_image":[{"width":1200,"height":1400,"url":"https:\/\/sports-cards.nl\/wp-content\/uploads\/2024\/11\/Pokemon-TCG-Scarlet-Violet-Stellar-Crown-Elite-Trainer-Box-stand.webp","type":"image\/webp"}],"twitter_card":"summary_large_image","twitter_misc":{"Prijs":"&#36;52.74","Beschikbaarheid":"Uitverkocht"},"schema":{"@context":"https:\/\/schema.org","@graph":[{"@type":"WebPage","@id":"https:\/\/sports-cards.nl\/nl\/product\/pokemon-tcg-scarlet-violet-stellar-crown-elite-trainer-box\/","url":"https:\/\/sports-cards.nl\/nl\/product\/pokemon-tcg-scarlet-violet-stellar-crown-elite-trainer-box\/","name":"Pokemon TCG Scarlet &amp; Violet Stellar Crown Elite Trainer Box","isPartOf":{"@id":"https:\/\/sports-cards.nl\/nl\/#website"},"primaryImageOfPage":{"@id":"https:\/\/sports-cards.nl\/nl\/product\/pokemon-tcg-scarlet-violet-stellar-crown-elite-trainer-box\/#primaryimage"},"image":{"@id":"https:\/\/sports-cards.nl\/nl\/product\/pokemon-tcg-scarlet-violet-stellar-crown-elite-trainer-box\/#primaryimage"},"thumbnailUrl":"https:\/\/sports-cards.nl\/wp-content\/uploads\/2024\/11\/Pokemon-TCG-Scarlet-Violet-Stellar-Crown-Elite-Trainer-Box-stand.webp","datePublished":"2024-11-15T14:46:46+00:00","dateModified":"2024-11-16T15:56:47+00:00","description":"Scarlet &amp; Violet Stellar Crown Elite Trainer Box - Pokemon TCG Scarlet &amp; Violet Stellar Crown Elite Trainer Box","breadcrumb":{"@id":"https:\/\/sports-cards.nl\/nl\/product\/pokemon-tcg-scarlet-violet-stellar-crown-elite-trainer-box\/#breadcrumb"},"inLanguage":"nl-NL","potentialAction":[{"@type":"ReadAction","target":["https:\/\/sports-cards.nl\/nl\/product\/pokemon-tcg-scarlet-violet-stellar-crown-elite-trainer-box\/"]}]},{"@type":"ImageObject","inLanguage":"nl-NL","@id":"https:\/\/sports-cards.nl\/nl\/product\/pokemon-tcg-scarlet-violet-stellar-crown-elite-trainer-box\/#primaryimage","url":"https:\/\/sports-cards.nl\/wp-content\/uploads\/2024\/11\/Pokemon-TCG-Scarlet-Violet-Stellar-Crown-Elite-Trainer-Box-stand.webp","contentUrl":"https:\/\/sports-cards.nl\/wp-content\/uploads\/2024\/11\/Pokemon-TCG-Scarlet-Violet-Stellar-Crown-Elite-Trainer-Box-stand.webp","width":1200,"height":1400,"caption":"Pokemon TCG Scarlet &amp; Violet Stellar Crown Elite Trainer Box - stand"},{"@type":"BreadcrumbList","@id":"https:\/\/sports-cards.nl\/nl\/product\/pokemon-tcg-scarlet-violet-stellar-crown-elite-trainer-box\/#breadcrumb","itemListElement":[{"@type":"ListItem","position":1,"name":"Home","item":"https:\/\/sports-cards.nl\/nl\/"},{"@type":"ListItem","position":2,"name":"Sportkaarten webwinkel","item":"https:\/\/sports-cards.nl\/nl\/winkel\/"},{"@type":"ListItem","position":3,"name":"Pokemon TCG Scarlet &amp; Violet Stellar Crown Elite Trainer Box"}]},{"@type":"WebSite","@id":"https:\/\/sports-cards.nl\/nl\/#website","url":"https:\/\/sports-cards.nl\/nl\/","name":"Sports Cards NL","description":"Verzamelkaarten uit de NBA basketball \/ NHL hockey \/ NFL football \/ MLB baseball \/ Formule 1 \/ Voetbal \/ POP! \/ WWE  \/ Marvel \/ UFC \/ Racing \/ Pop culture \/ TCG  &amp; Packs \/ Boxes \/ Supplies \/ Jerseys \/ Boardgames &amp; More","publisher":{"@id":"https:\/\/sports-cards.nl\/nl\/#organization"},"alternateName":"sports-cards.nl","potentialAction":[{"@type":"SearchAction","target":{"@type":"EntryPoint","urlTemplate":"https:\/\/sports-cards.nl\/nl\/?s={search_term_string}"},"query-input":{"@type":"PropertyValueSpecification","valueRequired":true,"valueName":"search_term_string"}}],"inLanguage":"nl-NL"},{"@type":"Organization","@id":"https:\/\/sports-cards.nl\/nl\/#organization","name":"Sports Cards NL","alternateName":"sports-cards.nl","url":"https:\/\/sports-cards.nl\/nl\/","logo":{"@type":"ImageObject","inLanguage":"nl-NL","@id":"https:\/\/sports-cards.nl\/nl\/#\/schema\/logo\/image\/","url":"https:\/\/sports-cards.nl\/wp-content\/uploads\/2025\/07\/Sports-Cards-NL-Logo-500-square.webp","contentUrl":"https:\/\/sports-cards.nl\/wp-content\/uploads\/2025\/07\/Sports-Cards-NL-Logo-500-square.webp","width":500,"height":500,"caption":"Sports Cards NL"},"image":{"@id":"https:\/\/sports-cards.nl\/nl\/#\/schema\/logo\/image\/"},"sameAs":["https:\/\/www.facebook.com\/sportscardsnl","https:\/\/www.instagram.com\/sports_cards_nl\/","https:\/\/nl.pinterest.com\/sportscardsnetherlandsnl\/","https:\/\/www.youtube.com\/@sports.cards.netherlands"],"ownershipFundingInfo":"https:\/\/sports-cards.nl\/about-sports-cards-nl\/"}]},"product_brand":"The Pok\u00e9mon Company","product_price_amount":"52.74","product_price_currency":"USD","og_availability":"out of stock","product_availability":"out of stock","product_retailer_item_id":"Pokemon - TCG - S&V SCE TB","product_condition":"new"},"_links":{"self":[{"href":"https:\/\/sports-cards.nl\/nl\/wp-json\/wp\/v2\/product\/28745","targetHints":{"allow":["GET"]}}],"collection":[{"href":"https:\/\/sports-cards.nl\/nl\/wp-json\/wp\/v2\/product"}],"about":[{"href":"https:\/\/sports-cards.nl\/nl\/wp-json\/wp\/v2\/types\/product"}],"wp:featuredmedia":[{"embeddable":true,"href":"https:\/\/sports-cards.nl\/nl\/wp-json\/wp\/v2\/media\/28747"}],"wp:attachment":[{"href":"https:\/\/sports-cards.nl\/nl\/wp-json\/wp\/v2\/media?parent=28745"}],"wp:term":[{"taxonomy":"product_brand","embeddable":true,"href":"https:\/\/sports-cards.nl\/nl\/wp-json\/wp\/v2\/product_brand?post=28745"},{"taxonomy":"product_cat","embeddable":true,"href":"https:\/\/sports-cards.nl\/nl\/wp-json\/wp\/v2\/product_cat?post=28745"},{"taxonomy":"product_tag","embeddable":true,"href":"https:\/\/sports-cards.nl\/nl\/wp-json\/wp\/v2\/product_tag?post=28745"}],"curies":[{"name":"wp","href":"https:\/\/api.w.org\/{rel}","templated":true}]}}