{"id":30398,"date":"2025-02-18T09:12:22","date_gmt":"2025-02-18T08:12:22","guid":{"rendered":"https:\/\/sports-cards.nl\/?post_type=product&#038;p=30398"},"modified":"2025-07-22T14:45:00","modified_gmt":"2025-07-22T12:45:00","slug":"pokemon-tcg-trading-card-game-classic-box-sealed","status":"publish","type":"product","link":"https:\/\/sports-cards.nl\/nl\/product\/pokemon-tcg-trading-card-game-classic-box-sealed\/","title":{"rendered":"Pok\u00e9mon TCG Trading Card Game Classic Box &#8211; Verzegeld"},"content":{"rendered":"<p><strong>Vier de Ultra Premium Collection van Pok\u00e9mon met Classic Collection Box 2023!<\/strong><\/p>\n<p>Ga terug naar het begin met Pok\u00e9mon Trading Card Game Classic! Deze tijdloze collectie bestaat uit drie 60-card decks met de originele partner-Pok\u00e9mon uit de Pok\u00e9mon TCG Base Set en belangrijke kaarten uit de lange geschiedenis van het spel, allemaal in folie en direct uit de doos speelklaar. Naast de vintage favorieten maken zes nieuwe kaarten hun debuut, waaronder Suicune ex, Lugia ex en Ho-Oh ex. Verrijk je ervaring met hoogwaardige spelaccessoires, zoals een opvouwbaar bord voor twee spelers, stapelbare schadeteller-kegels en een gereedschapskist waarin je alles handig kunt opbergen voor je volgende gevecht.<\/p>\n<p><strong>Pok\u00e9mon Trading Card Game Classic Box bevat:<\/strong><\/p>\n<ul>\n<li>3 kant-en-klare Pok\u00e9mon-decks van 60 kaarten met Venusaur, Charizard en Blastoise<\/li>\n<li>3 kaartendoosjes inclusief bijpassend energiesymbool<\/li>\n<li>3 sets kaarthoezen<\/li>\n<li>1 opvouwbaar spelbord voor twee spelers dat ook dienst doet als opbergdoos<\/li>\n<li>1 gereedschapskist met randomizer<\/li>\n<li>2 sets schadeteller kegels<\/li>\n<li>2 sets conditiemarkers<\/li>\n<\/ul>\n<p>Meer informatie over <a href=\"https:\/\/www.pokemon.com\/us\/pokemon-tcg\" target=\"_blank\" rel=\"noopener\">Pok\u00e9mon <\/a>trading card game.<\/p>\n","protected":false},"excerpt":{"rendered":"<p>Pokemon TCG Classic Box<\/p>\n","protected":false},"featured_media":30400,"template":"","meta":{"googlesitekit_rrm_CAowi9S-DA:productID":""},"product_brand":[],"product_cat":[1270,2407],"product_tag":[2274],"class_list":{"0":"post-30398","1":"product","2":"type-product","3":"status-publish","4":"has-post-thumbnail","6":"product_cat-pack-boxes-nl","7":"product_cat-tcg-packs-boxes-nl","8":"product_tag-pokemon-nl","9":"product_shipping_class-products-heavy-nl","11":"first","12":"outofstock","13":"sale","14":"taxable","15":"shipping-taxable","16":"purchasable","17":"product-type-simple"},"yoast_head":"<!-- This site is optimized with the Yoast SEO Premium plugin v21.6 (Yoast SEO v27.4) - https:\/\/yoast.com\/product\/yoast-seo-premium-wordpress\/ -->\n<title>Pok\u00e9mon TCG Trading Card Game Classic Box - Verzegeld<\/title>\n<meta name=\"description\" content=\"Pokemon TCG Classic Box - Pok\u00e9mon TCG Trading Card Game Classic Box - Verzegeld\" \/>\n<meta name=\"robots\" content=\"index, follow, max-snippet:-1, max-image-preview:large, max-video-preview:-1\" \/>\n<link rel=\"canonical\" href=\"https:\/\/sports-cards.nl\/nl\/product\/pokemon-tcg-trading-card-game-classic-box-sealed\/\" \/>\n<meta property=\"og:locale\" content=\"nl_NL\" \/>\n<meta property=\"og:type\" content=\"article\" \/>\n<meta property=\"og:title\" content=\"Pok\u00e9mon TCG Trading Card Game Classic Box - Verzegeld\" \/>\n<meta property=\"og:description\" content=\"Pokemon TCG Classic Box - Pok\u00e9mon TCG Trading Card Game Classic Box - Verzegeld\" \/>\n<meta property=\"og:url\" content=\"https:\/\/sports-cards.nl\/nl\/product\/pokemon-tcg-trading-card-game-classic-box-sealed\/\" \/>\n<meta property=\"og:site_name\" content=\"Sports Cards NL\" \/>\n<meta property=\"article:publisher\" content=\"https:\/\/www.facebook.com\/sportscardsnl\" \/>\n<meta property=\"article:modified_time\" content=\"2025-07-22T12:45:00+00:00\" \/>\n<meta property=\"og:image\" content=\"https:\/\/sports-cards.nl\/wp-content\/uploads\/2025\/02\/Pokemon-TCG-Trading-Card-Game-Classic-Box-supplier.webp\" \/>\n\t<meta property=\"og:image:width\" content=\"1200\" \/>\n\t<meta property=\"og:image:height\" content=\"1000\" \/>\n\t<meta property=\"og:image:type\" content=\"image\/webp\" \/>\n<meta name=\"twitter:card\" content=\"summary_large_image\" \/>\n<meta name=\"twitter:label1\" content=\"Prijs\" \/>\n\t<meta name=\"twitter:data1\" content=\"&#036;358.36\" \/>\n\t<meta name=\"twitter:label2\" content=\"Beschikbaarheid\" \/>\n\t<meta name=\"twitter:data2\" content=\"Uitverkocht\" \/>\n<script type=\"application\/ld+json\" class=\"yoast-schema-graph\">{\"@context\":\"https:\\\/\\\/schema.org\",\"@graph\":[{\"@type\":\"WebPage\",\"@id\":\"https:\\\/\\\/sports-cards.nl\\\/nl\\\/product\\\/pokemon-tcg-trading-card-game-classic-box-sealed\\\/\",\"url\":\"https:\\\/\\\/sports-cards.nl\\\/nl\\\/product\\\/pokemon-tcg-trading-card-game-classic-box-sealed\\\/\",\"name\":\"Pok\u00e9mon TCG Trading Card Game Classic Box - Verzegeld\",\"isPartOf\":{\"@id\":\"https:\\\/\\\/sports-cards.nl\\\/nl\\\/#website\"},\"primaryImageOfPage\":{\"@id\":\"https:\\\/\\\/sports-cards.nl\\\/nl\\\/product\\\/pokemon-tcg-trading-card-game-classic-box-sealed\\\/#primaryimage\"},\"image\":{\"@id\":\"https:\\\/\\\/sports-cards.nl\\\/nl\\\/product\\\/pokemon-tcg-trading-card-game-classic-box-sealed\\\/#primaryimage\"},\"thumbnailUrl\":\"https:\\\/\\\/sports-cards.nl\\\/wp-content\\\/uploads\\\/2025\\\/02\\\/Pokemon-TCG-Trading-Card-Game-Classic-Box-supplier.webp\",\"datePublished\":\"2025-02-18T08:12:22+00:00\",\"dateModified\":\"2025-07-22T12:45:00+00:00\",\"description\":\"Pokemon TCG Classic Box - Pok\u00e9mon TCG Trading Card Game Classic Box - Verzegeld\",\"breadcrumb\":{\"@id\":\"https:\\\/\\\/sports-cards.nl\\\/nl\\\/product\\\/pokemon-tcg-trading-card-game-classic-box-sealed\\\/#breadcrumb\"},\"inLanguage\":\"nl-NL\",\"potentialAction\":[{\"@type\":\"ReadAction\",\"target\":[\"https:\\\/\\\/sports-cards.nl\\\/nl\\\/product\\\/pokemon-tcg-trading-card-game-classic-box-sealed\\\/\"]}]},{\"@type\":\"ImageObject\",\"inLanguage\":\"nl-NL\",\"@id\":\"https:\\\/\\\/sports-cards.nl\\\/nl\\\/product\\\/pokemon-tcg-trading-card-game-classic-box-sealed\\\/#primaryimage\",\"url\":\"https:\\\/\\\/sports-cards.nl\\\/wp-content\\\/uploads\\\/2025\\\/02\\\/Pokemon-TCG-Trading-Card-Game-Classic-Box-supplier.webp\",\"contentUrl\":\"https:\\\/\\\/sports-cards.nl\\\/wp-content\\\/uploads\\\/2025\\\/02\\\/Pokemon-TCG-Trading-Card-Game-Classic-Box-supplier.webp\",\"width\":1200,\"height\":1000,\"caption\":\"Pok\u00e9mon TCG Trading Card Game Classic Box - supplier\"},{\"@type\":\"BreadcrumbList\",\"@id\":\"https:\\\/\\\/sports-cards.nl\\\/nl\\\/product\\\/pokemon-tcg-trading-card-game-classic-box-sealed\\\/#breadcrumb\",\"itemListElement\":[{\"@type\":\"ListItem\",\"position\":1,\"name\":\"Home\",\"item\":\"https:\\\/\\\/sports-cards.nl\\\/nl\\\/\"},{\"@type\":\"ListItem\",\"position\":2,\"name\":\"Sportkaarten webwinkel\",\"item\":\"https:\\\/\\\/sports-cards.nl\\\/nl\\\/winkel\\\/\"},{\"@type\":\"ListItem\",\"position\":3,\"name\":\"Pok\u00e9mon TCG Trading Card Game Classic Box &#8211; Verzegeld\"}]},{\"@type\":\"WebSite\",\"@id\":\"https:\\\/\\\/sports-cards.nl\\\/nl\\\/#website\",\"url\":\"https:\\\/\\\/sports-cards.nl\\\/nl\\\/\",\"name\":\"Sports Cards NL\",\"description\":\"Verzamelkaarten uit de NBA basketball \\\/ NHL hockey \\\/ NFL football \\\/ MLB baseball \\\/ Formule 1 \\\/ Voetbal \\\/ POP! \\\/ WWE  \\\/ Marvel \\\/ UFC \\\/ Racing \\\/ Pop culture \\\/ TCG  &amp; Packs \\\/ Boxes \\\/ Supplies \\\/ Jerseys \\\/ Boardgames &amp; More\",\"publisher\":{\"@id\":\"https:\\\/\\\/sports-cards.nl\\\/nl\\\/#organization\"},\"alternateName\":\"sports-cards.nl\",\"potentialAction\":[{\"@type\":\"SearchAction\",\"target\":{\"@type\":\"EntryPoint\",\"urlTemplate\":\"https:\\\/\\\/sports-cards.nl\\\/nl\\\/?s={search_term_string}\"},\"query-input\":{\"@type\":\"PropertyValueSpecification\",\"valueRequired\":true,\"valueName\":\"search_term_string\"}}],\"inLanguage\":\"nl-NL\"},{\"@type\":\"Organization\",\"@id\":\"https:\\\/\\\/sports-cards.nl\\\/nl\\\/#organization\",\"name\":\"Sports Cards NL\",\"alternateName\":\"sports-cards.nl\",\"url\":\"https:\\\/\\\/sports-cards.nl\\\/nl\\\/\",\"logo\":{\"@type\":\"ImageObject\",\"inLanguage\":\"nl-NL\",\"@id\":\"https:\\\/\\\/sports-cards.nl\\\/nl\\\/#\\\/schema\\\/logo\\\/image\\\/\",\"url\":\"https:\\\/\\\/sports-cards.nl\\\/wp-content\\\/uploads\\\/2025\\\/07\\\/Sports-Cards-NL-Logo-500-square.webp\",\"contentUrl\":\"https:\\\/\\\/sports-cards.nl\\\/wp-content\\\/uploads\\\/2025\\\/07\\\/Sports-Cards-NL-Logo-500-square.webp\",\"width\":500,\"height\":500,\"caption\":\"Sports Cards NL\"},\"image\":{\"@id\":\"https:\\\/\\\/sports-cards.nl\\\/nl\\\/#\\\/schema\\\/logo\\\/image\\\/\"},\"sameAs\":[\"https:\\\/\\\/www.facebook.com\\\/sportscardsnl\",\"https:\\\/\\\/www.instagram.com\\\/sports_cards_nl\\\/\",\"https:\\\/\\\/nl.pinterest.com\\\/sportscardsnetherlandsnl\\\/\",\"https:\\\/\\\/www.youtube.com\\\/@sports.cards.netherlands\"],\"ownershipFundingInfo\":\"https:\\\/\\\/sports-cards.nl\\\/about-sports-cards-nl\\\/\"}]}<\/script>\n<meta property=\"product:brand\" content=\"The Pok\u00e9mon Company\" \/>\n<meta property=\"product:price:amount\" content=\"358.36\" \/>\n<meta property=\"product:price:currency\" content=\"USD\" \/>\n<meta property=\"og:availability\" content=\"out of stock\" \/>\n<meta property=\"product:availability\" content=\"out of stock\" \/>\n<meta property=\"product:retailer_item_id\" content=\"Pokemon - TCG - Classic Box\" \/>\n<meta property=\"product:condition\" content=\"new\" \/>\n<!-- \/ Yoast SEO Premium plugin. -->","yoast_head_json":{"title":"Pok\u00e9mon TCG Trading Card Game Classic Box - Verzegeld","description":"Pokemon TCG Classic Box - Pok\u00e9mon TCG Trading Card Game Classic Box - Verzegeld","robots":{"index":"index","follow":"follow","max-snippet":"max-snippet:-1","max-image-preview":"max-image-preview:large","max-video-preview":"max-video-preview:-1"},"canonical":"https:\/\/sports-cards.nl\/nl\/product\/pokemon-tcg-trading-card-game-classic-box-sealed\/","og_locale":"nl_NL","og_type":"article","og_title":"Pok\u00e9mon TCG Trading Card Game Classic Box - Verzegeld","og_description":"Pokemon TCG Classic Box - Pok\u00e9mon TCG Trading Card Game Classic Box - Verzegeld","og_url":"https:\/\/sports-cards.nl\/nl\/product\/pokemon-tcg-trading-card-game-classic-box-sealed\/","og_site_name":"Sports Cards NL","article_publisher":"https:\/\/www.facebook.com\/sportscardsnl","article_modified_time":"2025-07-22T12:45:00+00:00","og_image":[{"width":1200,"height":1000,"url":"https:\/\/sports-cards.nl\/wp-content\/uploads\/2025\/02\/Pokemon-TCG-Trading-Card-Game-Classic-Box-supplier.webp","type":"image\/webp"}],"twitter_card":"summary_large_image","twitter_misc":{"Prijs":"&#36;358.36","Beschikbaarheid":"Uitverkocht"},"schema":{"@context":"https:\/\/schema.org","@graph":[{"@type":"WebPage","@id":"https:\/\/sports-cards.nl\/nl\/product\/pokemon-tcg-trading-card-game-classic-box-sealed\/","url":"https:\/\/sports-cards.nl\/nl\/product\/pokemon-tcg-trading-card-game-classic-box-sealed\/","name":"Pok\u00e9mon TCG Trading Card Game Classic Box - Verzegeld","isPartOf":{"@id":"https:\/\/sports-cards.nl\/nl\/#website"},"primaryImageOfPage":{"@id":"https:\/\/sports-cards.nl\/nl\/product\/pokemon-tcg-trading-card-game-classic-box-sealed\/#primaryimage"},"image":{"@id":"https:\/\/sports-cards.nl\/nl\/product\/pokemon-tcg-trading-card-game-classic-box-sealed\/#primaryimage"},"thumbnailUrl":"https:\/\/sports-cards.nl\/wp-content\/uploads\/2025\/02\/Pokemon-TCG-Trading-Card-Game-Classic-Box-supplier.webp","datePublished":"2025-02-18T08:12:22+00:00","dateModified":"2025-07-22T12:45:00+00:00","description":"Pokemon TCG Classic Box - Pok\u00e9mon TCG Trading Card Game Classic Box - Verzegeld","breadcrumb":{"@id":"https:\/\/sports-cards.nl\/nl\/product\/pokemon-tcg-trading-card-game-classic-box-sealed\/#breadcrumb"},"inLanguage":"nl-NL","potentialAction":[{"@type":"ReadAction","target":["https:\/\/sports-cards.nl\/nl\/product\/pokemon-tcg-trading-card-game-classic-box-sealed\/"]}]},{"@type":"ImageObject","inLanguage":"nl-NL","@id":"https:\/\/sports-cards.nl\/nl\/product\/pokemon-tcg-trading-card-game-classic-box-sealed\/#primaryimage","url":"https:\/\/sports-cards.nl\/wp-content\/uploads\/2025\/02\/Pokemon-TCG-Trading-Card-Game-Classic-Box-supplier.webp","contentUrl":"https:\/\/sports-cards.nl\/wp-content\/uploads\/2025\/02\/Pokemon-TCG-Trading-Card-Game-Classic-Box-supplier.webp","width":1200,"height":1000,"caption":"Pok\u00e9mon TCG Trading Card Game Classic Box - supplier"},{"@type":"BreadcrumbList","@id":"https:\/\/sports-cards.nl\/nl\/product\/pokemon-tcg-trading-card-game-classic-box-sealed\/#breadcrumb","itemListElement":[{"@type":"ListItem","position":1,"name":"Home","item":"https:\/\/sports-cards.nl\/nl\/"},{"@type":"ListItem","position":2,"name":"Sportkaarten webwinkel","item":"https:\/\/sports-cards.nl\/nl\/winkel\/"},{"@type":"ListItem","position":3,"name":"Pok\u00e9mon TCG Trading Card Game Classic Box &#8211; Verzegeld"}]},{"@type":"WebSite","@id":"https:\/\/sports-cards.nl\/nl\/#website","url":"https:\/\/sports-cards.nl\/nl\/","name":"Sports Cards NL","description":"Verzamelkaarten uit de NBA basketball \/ NHL hockey \/ NFL football \/ MLB baseball \/ Formule 1 \/ Voetbal \/ POP! \/ WWE  \/ Marvel \/ UFC \/ Racing \/ Pop culture \/ TCG  &amp; Packs \/ Boxes \/ Supplies \/ Jerseys \/ Boardgames &amp; More","publisher":{"@id":"https:\/\/sports-cards.nl\/nl\/#organization"},"alternateName":"sports-cards.nl","potentialAction":[{"@type":"SearchAction","target":{"@type":"EntryPoint","urlTemplate":"https:\/\/sports-cards.nl\/nl\/?s={search_term_string}"},"query-input":{"@type":"PropertyValueSpecification","valueRequired":true,"valueName":"search_term_string"}}],"inLanguage":"nl-NL"},{"@type":"Organization","@id":"https:\/\/sports-cards.nl\/nl\/#organization","name":"Sports Cards NL","alternateName":"sports-cards.nl","url":"https:\/\/sports-cards.nl\/nl\/","logo":{"@type":"ImageObject","inLanguage":"nl-NL","@id":"https:\/\/sports-cards.nl\/nl\/#\/schema\/logo\/image\/","url":"https:\/\/sports-cards.nl\/wp-content\/uploads\/2025\/07\/Sports-Cards-NL-Logo-500-square.webp","contentUrl":"https:\/\/sports-cards.nl\/wp-content\/uploads\/2025\/07\/Sports-Cards-NL-Logo-500-square.webp","width":500,"height":500,"caption":"Sports Cards NL"},"image":{"@id":"https:\/\/sports-cards.nl\/nl\/#\/schema\/logo\/image\/"},"sameAs":["https:\/\/www.facebook.com\/sportscardsnl","https:\/\/www.instagram.com\/sports_cards_nl\/","https:\/\/nl.pinterest.com\/sportscardsnetherlandsnl\/","https:\/\/www.youtube.com\/@sports.cards.netherlands"],"ownershipFundingInfo":"https:\/\/sports-cards.nl\/about-sports-cards-nl\/"}]},"product_brand":"The Pok\u00e9mon Company","product_price_amount":"358.36","product_price_currency":"USD","og_availability":"out of stock","product_availability":"out of stock","product_retailer_item_id":"Pokemon - TCG - Classic Box","product_condition":"new"},"_links":{"self":[{"href":"https:\/\/sports-cards.nl\/nl\/wp-json\/wp\/v2\/product\/30398","targetHints":{"allow":["GET"]}}],"collection":[{"href":"https:\/\/sports-cards.nl\/nl\/wp-json\/wp\/v2\/product"}],"about":[{"href":"https:\/\/sports-cards.nl\/nl\/wp-json\/wp\/v2\/types\/product"}],"wp:featuredmedia":[{"embeddable":true,"href":"https:\/\/sports-cards.nl\/nl\/wp-json\/wp\/v2\/media\/30400"}],"wp:attachment":[{"href":"https:\/\/sports-cards.nl\/nl\/wp-json\/wp\/v2\/media?parent=30398"}],"wp:term":[{"taxonomy":"product_brand","embeddable":true,"href":"https:\/\/sports-cards.nl\/nl\/wp-json\/wp\/v2\/product_brand?post=30398"},{"taxonomy":"product_cat","embeddable":true,"href":"https:\/\/sports-cards.nl\/nl\/wp-json\/wp\/v2\/product_cat?post=30398"},{"taxonomy":"product_tag","embeddable":true,"href":"https:\/\/sports-cards.nl\/nl\/wp-json\/wp\/v2\/product_tag?post=30398"}],"curies":[{"name":"wp","href":"https:\/\/api.w.org\/{rel}","templated":true}]}}