{"id":31153,"date":"2024-04-02T12:47:32","date_gmt":"2024-04-02T10:47:32","guid":{"rendered":"https:\/\/sports-cards.nl\/?post_type=product&#038;p=31153"},"modified":"2025-07-22T14:44:43","modified_gmt":"2025-07-22T12:44:43","slug":"pokemon-tcg-scarlet-violet-shrouded-fable-kingambit-illustration-collection","status":"publish","type":"product","link":"https:\/\/sports-cards.nl\/nl\/product\/pokemon-tcg-scarlet-violet-shrouded-fable-kingambit-illustration-collection\/","title":{"rendered":"Pokemon TCG Scarlet &amp; Violet Shrouded Fable Kingambit Illustration Collection"},"content":{"rendered":"<div>Start je Pok\u00e9mon kaartenverzameling of breid deze juist uit met de Pok\u00e9mon TCG Scarlet &amp; Violet Shrouded Fable Illustration Collection van Kingambit! Met deze collectie krijg je onder meer 4 booster packs.<\/div>\n<div>Geruchten wervelen en herinneringen bedriegen terwijl de tijd verstrijkt in het land Kitakami! Bereid je voor op het vallen van de avond en ontdek een kwaadaardige aanwezigheid terwijl Pecharunt ex, de Loyal Three (Okidogi, Munkidori en Fezandipiti) opdraagt om zijn snode bevelen uit te voeren. Ondertussen sluit Revavroom ex zich aan bij de elektrische Pok\u00e9mon (Terastallize kaart) en maakt Kingdra ex een koninklijke plons in de serie Pok\u00e9mon Scarlet &amp; Violet Shrouded Fable!<\/div>\n<div><\/div>\n<div>Kingambit verslaat alle tegenstanders en wordt de leider van zijn eigen leger! Met deze prachtige collectie kun je de Big Blade Pok\u00e9mon aan je team toevoegen als illustration rare promo kaart, samen met foil kaarten met Pawniard en Bisharp. Je vindt hier ook vier boosterpacks van de speciale Scarlet &amp; Violet Shrouded Fable uitbreiding!<\/div>\n<p>Look for the following in products from this set:<br \/>\nPecharunt makes its Pok\u00e9mon TCG debut, the Loyal Three appear for the first time as Pok\u00e9mon ex and more than 30 Pok\u00e9mon and Trainer cards with special illustrations.<\/p>\n<p><strong>The Pokemon TCG: <em>Scarlet &amp; Violet Shrouded Fable<\/em> Kingambit Illustration Collection bevat:<\/strong><\/p>\n<ul>\n<li>1 full-art foil promo kaart met Kingambit.<\/li>\n<li>2 foil kaarten met Pawniard en Bisharp.<\/li>\n<li>4 Pok\u00e9mon TCG: Scarlet &amp; Violet Shrouded Fable booster packs.<\/li>\n<li>Een codekaart voor Pok\u00e9mon Trading Card Game Live.<\/li>\n<\/ul>\n<p>Meer informatie over <a href=\"https:\/\/www.pokemon.com\/us\/pokemon-tcg\" target=\"_blank\" rel=\"noopener\">Pokemon<\/a> ruilkaartspel.<\/p>\n","protected":false},"excerpt":{"rendered":"<p>Scarlet &amp; Violet Shrouded Fable Kingambit Illustration Collection<\/p>\n","protected":false},"featured_media":31155,"template":"","meta":{"googlesitekit_rrm_CAowi9S-DA:productID":""},"product_brand":[],"product_cat":[1270,2407],"product_tag":[2274,2422],"class_list":{"0":"post-31153","1":"product","2":"type-product","3":"status-publish","4":"has-post-thumbnail","6":"product_cat-pack-boxes-nl","7":"product_cat-tcg-packs-boxes-nl","8":"product_tag-pokemon-nl","9":"product_tag-scarlet-violet-nl","10":"product_shipping_class-products-light-nl","11":"yith_product_brand-the-pokemon-company-nl","13":"first","14":"outofstock","15":"taxable","16":"shipping-taxable","17":"purchasable","18":"product-type-simple"},"yoast_head":"<!-- This site is optimized with the Yoast SEO Premium plugin v21.6 (Yoast SEO v27.3) - https:\/\/yoast.com\/product\/yoast-seo-premium-wordpress\/ -->\n<title>Pokemon TCG Scarlet &amp; Violet Shrouded Fable Kingambit Illustration Collection<\/title>\n<meta name=\"description\" content=\"Scarlet &amp; Violet Shrouded Fable Kingambit Illustration Collection - Pokemon TCG Scarlet &amp; Violet Shrouded Fable Kingambit Illustration Collection\" \/>\n<meta name=\"robots\" content=\"index, follow, max-snippet:-1, max-image-preview:large, max-video-preview:-1\" \/>\n<link rel=\"canonical\" href=\"https:\/\/sports-cards.nl\/nl\/product\/pokemon-tcg-scarlet-violet-shrouded-fable-kingambit-illustration-collection\/\" \/>\n<meta property=\"og:locale\" content=\"nl_NL\" \/>\n<meta property=\"og:type\" content=\"article\" \/>\n<meta property=\"og:title\" content=\"Pokemon TCG Scarlet &amp; Violet Shrouded Fable Kingambit Illustration Collection\" \/>\n<meta property=\"og:description\" content=\"Scarlet &amp; Violet Shrouded Fable Kingambit Illustration Collection - Pokemon TCG Scarlet &amp; Violet Shrouded Fable Kingambit Illustration Collection\" \/>\n<meta property=\"og:url\" content=\"https:\/\/sports-cards.nl\/nl\/product\/pokemon-tcg-scarlet-violet-shrouded-fable-kingambit-illustration-collection\/\" \/>\n<meta property=\"og:site_name\" content=\"Sports Cards NL\" \/>\n<meta property=\"article:publisher\" content=\"https:\/\/www.facebook.com\/sportscardsnl\" \/>\n<meta property=\"article:modified_time\" content=\"2025-07-22T12:44:43+00:00\" \/>\n<meta property=\"og:image\" content=\"https:\/\/sports-cards.nl\/wp-content\/uploads\/2025\/04\/Pokemon-TCG-Scarlet-Violet-Shrouded-Fable-Kingambit-Illustration-Collection-stand.webp\" \/>\n\t<meta property=\"og:image:width\" content=\"1200\" \/>\n\t<meta property=\"og:image:height\" content=\"1400\" \/>\n\t<meta property=\"og:image:type\" content=\"image\/webp\" \/>\n<meta name=\"twitter:card\" content=\"summary_large_image\" \/>\n<meta name=\"twitter:label1\" content=\"Prijs\" \/>\n\t<meta name=\"twitter:data1\" content=\"&#036;26.37\" \/>\n\t<meta name=\"twitter:label2\" content=\"Beschikbaarheid\" \/>\n\t<meta name=\"twitter:data2\" content=\"Uitverkocht\" \/>\n<script type=\"application\/ld+json\" class=\"yoast-schema-graph\">{\"@context\":\"https:\\\/\\\/schema.org\",\"@graph\":[{\"@type\":\"WebPage\",\"@id\":\"https:\\\/\\\/sports-cards.nl\\\/nl\\\/product\\\/pokemon-tcg-scarlet-violet-shrouded-fable-kingambit-illustration-collection\\\/\",\"url\":\"https:\\\/\\\/sports-cards.nl\\\/nl\\\/product\\\/pokemon-tcg-scarlet-violet-shrouded-fable-kingambit-illustration-collection\\\/\",\"name\":\"Pokemon TCG Scarlet &amp; Violet Shrouded Fable Kingambit Illustration Collection\",\"isPartOf\":{\"@id\":\"https:\\\/\\\/sports-cards.nl\\\/nl\\\/#website\"},\"primaryImageOfPage\":{\"@id\":\"https:\\\/\\\/sports-cards.nl\\\/nl\\\/product\\\/pokemon-tcg-scarlet-violet-shrouded-fable-kingambit-illustration-collection\\\/#primaryimage\"},\"image\":{\"@id\":\"https:\\\/\\\/sports-cards.nl\\\/nl\\\/product\\\/pokemon-tcg-scarlet-violet-shrouded-fable-kingambit-illustration-collection\\\/#primaryimage\"},\"thumbnailUrl\":\"https:\\\/\\\/sports-cards.nl\\\/wp-content\\\/uploads\\\/2025\\\/04\\\/Pokemon-TCG-Scarlet-Violet-Shrouded-Fable-Kingambit-Illustration-Collection-stand.webp\",\"datePublished\":\"2024-04-02T10:47:32+00:00\",\"dateModified\":\"2025-07-22T12:44:43+00:00\",\"description\":\"Scarlet &amp; Violet Shrouded Fable Kingambit Illustration Collection - Pokemon TCG Scarlet &amp; Violet Shrouded Fable Kingambit Illustration Collection\",\"breadcrumb\":{\"@id\":\"https:\\\/\\\/sports-cards.nl\\\/nl\\\/product\\\/pokemon-tcg-scarlet-violet-shrouded-fable-kingambit-illustration-collection\\\/#breadcrumb\"},\"inLanguage\":\"nl-NL\",\"potentialAction\":[{\"@type\":\"ReadAction\",\"target\":[\"https:\\\/\\\/sports-cards.nl\\\/nl\\\/product\\\/pokemon-tcg-scarlet-violet-shrouded-fable-kingambit-illustration-collection\\\/\"]}]},{\"@type\":\"ImageObject\",\"inLanguage\":\"nl-NL\",\"@id\":\"https:\\\/\\\/sports-cards.nl\\\/nl\\\/product\\\/pokemon-tcg-scarlet-violet-shrouded-fable-kingambit-illustration-collection\\\/#primaryimage\",\"url\":\"https:\\\/\\\/sports-cards.nl\\\/wp-content\\\/uploads\\\/2025\\\/04\\\/Pokemon-TCG-Scarlet-Violet-Shrouded-Fable-Kingambit-Illustration-Collection-stand.webp\",\"contentUrl\":\"https:\\\/\\\/sports-cards.nl\\\/wp-content\\\/uploads\\\/2025\\\/04\\\/Pokemon-TCG-Scarlet-Violet-Shrouded-Fable-Kingambit-Illustration-Collection-stand.webp\",\"width\":1200,\"height\":1400,\"caption\":\"Pokemon TCG Scarlet &amp; Violet Shrouded Fable Kingambit Illustration Collection - stand\"},{\"@type\":\"BreadcrumbList\",\"@id\":\"https:\\\/\\\/sports-cards.nl\\\/nl\\\/product\\\/pokemon-tcg-scarlet-violet-shrouded-fable-kingambit-illustration-collection\\\/#breadcrumb\",\"itemListElement\":[{\"@type\":\"ListItem\",\"position\":1,\"name\":\"Home\",\"item\":\"https:\\\/\\\/sports-cards.nl\\\/nl\\\/\"},{\"@type\":\"ListItem\",\"position\":2,\"name\":\"Sportkaarten webwinkel\",\"item\":\"https:\\\/\\\/sports-cards.nl\\\/nl\\\/winkel\\\/\"},{\"@type\":\"ListItem\",\"position\":3,\"name\":\"Pokemon TCG Scarlet &amp; Violet Shrouded Fable Kingambit Illustration Collection\"}]},{\"@type\":\"WebSite\",\"@id\":\"https:\\\/\\\/sports-cards.nl\\\/nl\\\/#website\",\"url\":\"https:\\\/\\\/sports-cards.nl\\\/nl\\\/\",\"name\":\"Sports Cards NL\",\"description\":\"Verzamelkaarten uit de NBA basketball \\\/ NHL hockey \\\/ NFL football \\\/ MLB baseball \\\/ Formule 1 \\\/ Voetbal \\\/ POP! \\\/ WWE  \\\/ Marvel \\\/ UFC \\\/ Racing \\\/ Pop culture \\\/ TCG  &amp; Packs \\\/ Boxes \\\/ Supplies \\\/ Jerseys \\\/ Boardgames &amp; More\",\"publisher\":{\"@id\":\"https:\\\/\\\/sports-cards.nl\\\/nl\\\/#organization\"},\"alternateName\":\"sports-cards.nl\",\"potentialAction\":[{\"@type\":\"SearchAction\",\"target\":{\"@type\":\"EntryPoint\",\"urlTemplate\":\"https:\\\/\\\/sports-cards.nl\\\/nl\\\/?s={search_term_string}\"},\"query-input\":{\"@type\":\"PropertyValueSpecification\",\"valueRequired\":true,\"valueName\":\"search_term_string\"}}],\"inLanguage\":\"nl-NL\"},{\"@type\":\"Organization\",\"@id\":\"https:\\\/\\\/sports-cards.nl\\\/nl\\\/#organization\",\"name\":\"Sports Cards NL\",\"alternateName\":\"sports-cards.nl\",\"url\":\"https:\\\/\\\/sports-cards.nl\\\/nl\\\/\",\"logo\":{\"@type\":\"ImageObject\",\"inLanguage\":\"nl-NL\",\"@id\":\"https:\\\/\\\/sports-cards.nl\\\/nl\\\/#\\\/schema\\\/logo\\\/image\\\/\",\"url\":\"https:\\\/\\\/sports-cards.nl\\\/wp-content\\\/uploads\\\/2025\\\/07\\\/Sports-Cards-NL-Logo-500-square.webp\",\"contentUrl\":\"https:\\\/\\\/sports-cards.nl\\\/wp-content\\\/uploads\\\/2025\\\/07\\\/Sports-Cards-NL-Logo-500-square.webp\",\"width\":500,\"height\":500,\"caption\":\"Sports Cards NL\"},\"image\":{\"@id\":\"https:\\\/\\\/sports-cards.nl\\\/nl\\\/#\\\/schema\\\/logo\\\/image\\\/\"},\"sameAs\":[\"https:\\\/\\\/www.facebook.com\\\/sportscardsnl\",\"https:\\\/\\\/www.instagram.com\\\/sports_cards_nl\\\/\",\"https:\\\/\\\/nl.pinterest.com\\\/sportscardsnetherlandsnl\\\/\",\"https:\\\/\\\/www.youtube.com\\\/@sports.cards.netherlands\"],\"ownershipFundingInfo\":\"https:\\\/\\\/sports-cards.nl\\\/about-sports-cards-nl\\\/\"}]}<\/script>\n<meta property=\"product:brand\" content=\"The Pok\u00e9mon Company\" \/>\n<meta property=\"product:price:amount\" content=\"26.37\" \/>\n<meta property=\"product:price:currency\" content=\"USD\" \/>\n<meta property=\"og:availability\" content=\"out of stock\" \/>\n<meta property=\"product:availability\" content=\"out of stock\" \/>\n<meta property=\"product:retailer_item_id\" content=\"Pokemon - TCG - S&amp;V SF KIC\" \/>\n<meta property=\"product:condition\" content=\"new\" \/>\n<!-- \/ Yoast SEO Premium plugin. -->","yoast_head_json":{"title":"Pokemon TCG Scarlet &amp; Violet Shrouded Fable Kingambit Illustration Collection","description":"Scarlet &amp; Violet Shrouded Fable Kingambit Illustration Collection - Pokemon TCG Scarlet &amp; Violet Shrouded Fable Kingambit Illustration Collection","robots":{"index":"index","follow":"follow","max-snippet":"max-snippet:-1","max-image-preview":"max-image-preview:large","max-video-preview":"max-video-preview:-1"},"canonical":"https:\/\/sports-cards.nl\/nl\/product\/pokemon-tcg-scarlet-violet-shrouded-fable-kingambit-illustration-collection\/","og_locale":"nl_NL","og_type":"article","og_title":"Pokemon TCG Scarlet &amp; Violet Shrouded Fable Kingambit Illustration Collection","og_description":"Scarlet &amp; Violet Shrouded Fable Kingambit Illustration Collection - Pokemon TCG Scarlet &amp; Violet Shrouded Fable Kingambit Illustration Collection","og_url":"https:\/\/sports-cards.nl\/nl\/product\/pokemon-tcg-scarlet-violet-shrouded-fable-kingambit-illustration-collection\/","og_site_name":"Sports Cards NL","article_publisher":"https:\/\/www.facebook.com\/sportscardsnl","article_modified_time":"2025-07-22T12:44:43+00:00","og_image":[{"width":1200,"height":1400,"url":"https:\/\/sports-cards.nl\/wp-content\/uploads\/2025\/04\/Pokemon-TCG-Scarlet-Violet-Shrouded-Fable-Kingambit-Illustration-Collection-stand.webp","type":"image\/webp"}],"twitter_card":"summary_large_image","twitter_misc":{"Prijs":"&#36;26.37","Beschikbaarheid":"Uitverkocht"},"schema":{"@context":"https:\/\/schema.org","@graph":[{"@type":"WebPage","@id":"https:\/\/sports-cards.nl\/nl\/product\/pokemon-tcg-scarlet-violet-shrouded-fable-kingambit-illustration-collection\/","url":"https:\/\/sports-cards.nl\/nl\/product\/pokemon-tcg-scarlet-violet-shrouded-fable-kingambit-illustration-collection\/","name":"Pokemon TCG Scarlet &amp; Violet Shrouded Fable Kingambit Illustration Collection","isPartOf":{"@id":"https:\/\/sports-cards.nl\/nl\/#website"},"primaryImageOfPage":{"@id":"https:\/\/sports-cards.nl\/nl\/product\/pokemon-tcg-scarlet-violet-shrouded-fable-kingambit-illustration-collection\/#primaryimage"},"image":{"@id":"https:\/\/sports-cards.nl\/nl\/product\/pokemon-tcg-scarlet-violet-shrouded-fable-kingambit-illustration-collection\/#primaryimage"},"thumbnailUrl":"https:\/\/sports-cards.nl\/wp-content\/uploads\/2025\/04\/Pokemon-TCG-Scarlet-Violet-Shrouded-Fable-Kingambit-Illustration-Collection-stand.webp","datePublished":"2024-04-02T10:47:32+00:00","dateModified":"2025-07-22T12:44:43+00:00","description":"Scarlet &amp; Violet Shrouded Fable Kingambit Illustration Collection - Pokemon TCG Scarlet &amp; Violet Shrouded Fable Kingambit Illustration Collection","breadcrumb":{"@id":"https:\/\/sports-cards.nl\/nl\/product\/pokemon-tcg-scarlet-violet-shrouded-fable-kingambit-illustration-collection\/#breadcrumb"},"inLanguage":"nl-NL","potentialAction":[{"@type":"ReadAction","target":["https:\/\/sports-cards.nl\/nl\/product\/pokemon-tcg-scarlet-violet-shrouded-fable-kingambit-illustration-collection\/"]}]},{"@type":"ImageObject","inLanguage":"nl-NL","@id":"https:\/\/sports-cards.nl\/nl\/product\/pokemon-tcg-scarlet-violet-shrouded-fable-kingambit-illustration-collection\/#primaryimage","url":"https:\/\/sports-cards.nl\/wp-content\/uploads\/2025\/04\/Pokemon-TCG-Scarlet-Violet-Shrouded-Fable-Kingambit-Illustration-Collection-stand.webp","contentUrl":"https:\/\/sports-cards.nl\/wp-content\/uploads\/2025\/04\/Pokemon-TCG-Scarlet-Violet-Shrouded-Fable-Kingambit-Illustration-Collection-stand.webp","width":1200,"height":1400,"caption":"Pokemon TCG Scarlet &amp; Violet Shrouded Fable Kingambit Illustration Collection - stand"},{"@type":"BreadcrumbList","@id":"https:\/\/sports-cards.nl\/nl\/product\/pokemon-tcg-scarlet-violet-shrouded-fable-kingambit-illustration-collection\/#breadcrumb","itemListElement":[{"@type":"ListItem","position":1,"name":"Home","item":"https:\/\/sports-cards.nl\/nl\/"},{"@type":"ListItem","position":2,"name":"Sportkaarten webwinkel","item":"https:\/\/sports-cards.nl\/nl\/winkel\/"},{"@type":"ListItem","position":3,"name":"Pokemon TCG Scarlet &amp; Violet Shrouded Fable Kingambit Illustration Collection"}]},{"@type":"WebSite","@id":"https:\/\/sports-cards.nl\/nl\/#website","url":"https:\/\/sports-cards.nl\/nl\/","name":"Sports Cards NL","description":"Verzamelkaarten uit de NBA basketball \/ NHL hockey \/ NFL football \/ MLB baseball \/ Formule 1 \/ Voetbal \/ POP! \/ WWE  \/ Marvel \/ UFC \/ Racing \/ Pop culture \/ TCG  &amp; Packs \/ Boxes \/ Supplies \/ Jerseys \/ Boardgames &amp; More","publisher":{"@id":"https:\/\/sports-cards.nl\/nl\/#organization"},"alternateName":"sports-cards.nl","potentialAction":[{"@type":"SearchAction","target":{"@type":"EntryPoint","urlTemplate":"https:\/\/sports-cards.nl\/nl\/?s={search_term_string}"},"query-input":{"@type":"PropertyValueSpecification","valueRequired":true,"valueName":"search_term_string"}}],"inLanguage":"nl-NL"},{"@type":"Organization","@id":"https:\/\/sports-cards.nl\/nl\/#organization","name":"Sports Cards NL","alternateName":"sports-cards.nl","url":"https:\/\/sports-cards.nl\/nl\/","logo":{"@type":"ImageObject","inLanguage":"nl-NL","@id":"https:\/\/sports-cards.nl\/nl\/#\/schema\/logo\/image\/","url":"https:\/\/sports-cards.nl\/wp-content\/uploads\/2025\/07\/Sports-Cards-NL-Logo-500-square.webp","contentUrl":"https:\/\/sports-cards.nl\/wp-content\/uploads\/2025\/07\/Sports-Cards-NL-Logo-500-square.webp","width":500,"height":500,"caption":"Sports Cards NL"},"image":{"@id":"https:\/\/sports-cards.nl\/nl\/#\/schema\/logo\/image\/"},"sameAs":["https:\/\/www.facebook.com\/sportscardsnl","https:\/\/www.instagram.com\/sports_cards_nl\/","https:\/\/nl.pinterest.com\/sportscardsnetherlandsnl\/","https:\/\/www.youtube.com\/@sports.cards.netherlands"],"ownershipFundingInfo":"https:\/\/sports-cards.nl\/about-sports-cards-nl\/"}]},"product_brand":"The Pok\u00e9mon Company","product_price_amount":"26.37","product_price_currency":"USD","og_availability":"out of stock","product_availability":"out of stock","product_retailer_item_id":"Pokemon - TCG - S&V SF KIC","product_condition":"new"},"_links":{"self":[{"href":"https:\/\/sports-cards.nl\/nl\/wp-json\/wp\/v2\/product\/31153","targetHints":{"allow":["GET"]}}],"collection":[{"href":"https:\/\/sports-cards.nl\/nl\/wp-json\/wp\/v2\/product"}],"about":[{"href":"https:\/\/sports-cards.nl\/nl\/wp-json\/wp\/v2\/types\/product"}],"wp:featuredmedia":[{"embeddable":true,"href":"https:\/\/sports-cards.nl\/nl\/wp-json\/wp\/v2\/media\/31155"}],"wp:attachment":[{"href":"https:\/\/sports-cards.nl\/nl\/wp-json\/wp\/v2\/media?parent=31153"}],"wp:term":[{"taxonomy":"product_brand","embeddable":true,"href":"https:\/\/sports-cards.nl\/nl\/wp-json\/wp\/v2\/product_brand?post=31153"},{"taxonomy":"product_cat","embeddable":true,"href":"https:\/\/sports-cards.nl\/nl\/wp-json\/wp\/v2\/product_cat?post=31153"},{"taxonomy":"product_tag","embeddable":true,"href":"https:\/\/sports-cards.nl\/nl\/wp-json\/wp\/v2\/product_tag?post=31153"}],"curies":[{"name":"wp","href":"https:\/\/api.w.org\/{rel}","templated":true}]}}