{"id":31366,"date":"2023-04-18T11:10:22","date_gmt":"2023-04-18T09:10:22","guid":{"rendered":"https:\/\/sports-cards.nl\/?post_type=product&#038;p=31366"},"modified":"2025-08-04T20:33:09","modified_gmt":"2025-08-04T18:33:09","slug":"pokemon-tcg-houndstone-ex-collection-box","status":"publish","type":"product","link":"https:\/\/sports-cards.nl\/nl\/product\/pokemon-tcg-houndstone-ex-collection-box\/","title":{"rendered":"Pokemon TCG Houndstone EX Collection Box"},"content":{"rendered":"<div>\n<p>A special EX collector&#8217;s box of Pok\u00e9mon featuring Houndstone EX.<\/p>\n<p>In deze doos vind je drie prachtige Pok\u00e9mon promokaarten van folie. Een folie Houndstone EX, een folie oversized Houndstone EX en een foliekaart van Greavard! Daarnaast bevat deze doos vier willekeurige Pok\u00e9mon boosterpacks.<\/p>\n<\/div>\n<p>Kijk uit naar het volgende in de producten van deze set:<br \/>\nPecharunt maakt zijn Pok\u00e9mon TCG-debuut, de Loyal Three verschijnen voor het eerst als Pok\u00e9mon ex en meer dan 30 Pok\u00e9mon- en Trainer-kaarten met speciale illustraties.<\/p>\n<p><strong>De Pokemon TCG: Houndstone EX Collectie bevat:<\/strong><\/p>\n<ul>\n<li>1 folie promokaart van Houndstone EX.<\/li>\n<li>1 folie oversized promo kaart van Houndstone EX.<\/li>\n<li>1 promo-foliekaart van Greavard.<\/li>\n<li>4 Pok\u00e9mon boosterpacks van verschillende sets.<\/li>\n<li>1 Pok\u00e9mon TCG Live-codekaart.<\/li>\n<\/ul>\n<p>Meer informatie over <a href=\"https:\/\/www.pokemon.com\/us\/pokemon-tcg\" target=\"_blank\" rel=\"noopener\">Pokemon<\/a> ruilkaartspel.<\/p>\n","protected":false},"excerpt":{"rendered":"<p>Pok\u00e9mon Houndstone EX Box<\/p>\n","protected":false},"featured_media":31368,"template":"","meta":{"googlesitekit_rrm_CAowi9S-DA:productID":""},"product_brand":[],"product_cat":[1270,2407],"product_tag":[2274],"class_list":{"0":"post-31366","1":"product","2":"type-product","3":"status-publish","4":"has-post-thumbnail","6":"product_cat-pack-boxes-nl","7":"product_cat-tcg-packs-boxes-nl","8":"product_tag-pokemon-nl","9":"product_shipping_class-products-light-nl","10":"yith_product_brand-the-pokemon-company-nl","12":"first","13":"outofstock","14":"taxable","15":"shipping-taxable","16":"purchasable","17":"product-type-simple"},"yoast_head":"<!-- This site is optimized with the Yoast SEO Premium plugin v21.6 (Yoast SEO v27.3) - https:\/\/yoast.com\/product\/yoast-seo-premium-wordpress\/ -->\n<title>Pokemon TCG Houndstone EX Collection Box<\/title>\n<meta name=\"description\" content=\"Pok\u00e9mon Houndstone EX Box - Pokemon TCG Houndstone EX Collection Box\" \/>\n<meta name=\"robots\" content=\"index, follow, max-snippet:-1, max-image-preview:large, max-video-preview:-1\" \/>\n<link rel=\"canonical\" href=\"https:\/\/sports-cards.nl\/nl\/product\/pokemon-tcg-houndstone-ex-collection-box\/\" \/>\n<meta property=\"og:locale\" content=\"nl_NL\" \/>\n<meta property=\"og:type\" content=\"article\" \/>\n<meta property=\"og:title\" content=\"Pokemon TCG Houndstone EX Collection Box\" \/>\n<meta property=\"og:description\" content=\"Pok\u00e9mon Houndstone EX Box - Pokemon TCG Houndstone EX Collection Box\" \/>\n<meta property=\"og:url\" content=\"https:\/\/sports-cards.nl\/nl\/product\/pokemon-tcg-houndstone-ex-collection-box\/\" \/>\n<meta property=\"og:site_name\" content=\"Sports Cards NL\" \/>\n<meta property=\"article:publisher\" content=\"https:\/\/www.facebook.com\/sportscardsnl\" \/>\n<meta property=\"article:modified_time\" content=\"2025-08-04T18:33:09+00:00\" \/>\n<meta property=\"og:image\" content=\"https:\/\/sports-cards.nl\/wp-content\/uploads\/2025\/04\/Pokemon-TCG-Houndstone-EX-Collection-Box-front.webp\" \/>\n\t<meta property=\"og:image:width\" content=\"1200\" \/>\n\t<meta property=\"og:image:height\" content=\"1400\" \/>\n\t<meta property=\"og:image:type\" content=\"image\/webp\" \/>\n<meta name=\"twitter:card\" content=\"summary_large_image\" \/>\n<meta name=\"twitter:label1\" content=\"Prijs\" \/>\n\t<meta name=\"twitter:data1\" content=\"&#036;28.77\" \/>\n\t<meta name=\"twitter:label2\" content=\"Beschikbaarheid\" \/>\n\t<meta name=\"twitter:data2\" content=\"Uitverkocht\" \/>\n<script type=\"application\/ld+json\" class=\"yoast-schema-graph\">{\"@context\":\"https:\\\/\\\/schema.org\",\"@graph\":[{\"@type\":\"WebPage\",\"@id\":\"https:\\\/\\\/sports-cards.nl\\\/nl\\\/product\\\/pokemon-tcg-houndstone-ex-collection-box\\\/\",\"url\":\"https:\\\/\\\/sports-cards.nl\\\/nl\\\/product\\\/pokemon-tcg-houndstone-ex-collection-box\\\/\",\"name\":\"Pokemon TCG Houndstone EX Collection Box\",\"isPartOf\":{\"@id\":\"https:\\\/\\\/sports-cards.nl\\\/nl\\\/#website\"},\"primaryImageOfPage\":{\"@id\":\"https:\\\/\\\/sports-cards.nl\\\/nl\\\/product\\\/pokemon-tcg-houndstone-ex-collection-box\\\/#primaryimage\"},\"image\":{\"@id\":\"https:\\\/\\\/sports-cards.nl\\\/nl\\\/product\\\/pokemon-tcg-houndstone-ex-collection-box\\\/#primaryimage\"},\"thumbnailUrl\":\"https:\\\/\\\/sports-cards.nl\\\/wp-content\\\/uploads\\\/2025\\\/04\\\/Pokemon-TCG-Houndstone-EX-Collection-Box-front.webp\",\"datePublished\":\"2023-04-18T09:10:22+00:00\",\"dateModified\":\"2025-08-04T18:33:09+00:00\",\"description\":\"Pok\u00e9mon Houndstone EX Box - Pokemon TCG Houndstone EX Collection Box\",\"breadcrumb\":{\"@id\":\"https:\\\/\\\/sports-cards.nl\\\/nl\\\/product\\\/pokemon-tcg-houndstone-ex-collection-box\\\/#breadcrumb\"},\"inLanguage\":\"nl-NL\",\"potentialAction\":[{\"@type\":\"ReadAction\",\"target\":[\"https:\\\/\\\/sports-cards.nl\\\/nl\\\/product\\\/pokemon-tcg-houndstone-ex-collection-box\\\/\"]}]},{\"@type\":\"ImageObject\",\"inLanguage\":\"nl-NL\",\"@id\":\"https:\\\/\\\/sports-cards.nl\\\/nl\\\/product\\\/pokemon-tcg-houndstone-ex-collection-box\\\/#primaryimage\",\"url\":\"https:\\\/\\\/sports-cards.nl\\\/wp-content\\\/uploads\\\/2025\\\/04\\\/Pokemon-TCG-Houndstone-EX-Collection-Box-front.webp\",\"contentUrl\":\"https:\\\/\\\/sports-cards.nl\\\/wp-content\\\/uploads\\\/2025\\\/04\\\/Pokemon-TCG-Houndstone-EX-Collection-Box-front.webp\",\"width\":1200,\"height\":1400,\"caption\":\"Pokemon TCG Houndstone EX Collection Box - front\"},{\"@type\":\"BreadcrumbList\",\"@id\":\"https:\\\/\\\/sports-cards.nl\\\/nl\\\/product\\\/pokemon-tcg-houndstone-ex-collection-box\\\/#breadcrumb\",\"itemListElement\":[{\"@type\":\"ListItem\",\"position\":1,\"name\":\"Home\",\"item\":\"https:\\\/\\\/sports-cards.nl\\\/nl\\\/\"},{\"@type\":\"ListItem\",\"position\":2,\"name\":\"Sportkaarten webwinkel\",\"item\":\"https:\\\/\\\/sports-cards.nl\\\/nl\\\/winkel\\\/\"},{\"@type\":\"ListItem\",\"position\":3,\"name\":\"Pokemon TCG Houndstone EX Collection Box\"}]},{\"@type\":\"WebSite\",\"@id\":\"https:\\\/\\\/sports-cards.nl\\\/nl\\\/#website\",\"url\":\"https:\\\/\\\/sports-cards.nl\\\/nl\\\/\",\"name\":\"Sports Cards NL\",\"description\":\"Verzamelkaarten uit de NBA basketball \\\/ NHL hockey \\\/ NFL football \\\/ MLB baseball \\\/ Formule 1 \\\/ Voetbal \\\/ POP! \\\/ WWE  \\\/ Marvel \\\/ UFC \\\/ Racing \\\/ Pop culture \\\/ TCG  &amp; Packs \\\/ Boxes \\\/ Supplies \\\/ Jerseys \\\/ Boardgames &amp; More\",\"publisher\":{\"@id\":\"https:\\\/\\\/sports-cards.nl\\\/nl\\\/#organization\"},\"alternateName\":\"sports-cards.nl\",\"potentialAction\":[{\"@type\":\"SearchAction\",\"target\":{\"@type\":\"EntryPoint\",\"urlTemplate\":\"https:\\\/\\\/sports-cards.nl\\\/nl\\\/?s={search_term_string}\"},\"query-input\":{\"@type\":\"PropertyValueSpecification\",\"valueRequired\":true,\"valueName\":\"search_term_string\"}}],\"inLanguage\":\"nl-NL\"},{\"@type\":\"Organization\",\"@id\":\"https:\\\/\\\/sports-cards.nl\\\/nl\\\/#organization\",\"name\":\"Sports Cards NL\",\"alternateName\":\"sports-cards.nl\",\"url\":\"https:\\\/\\\/sports-cards.nl\\\/nl\\\/\",\"logo\":{\"@type\":\"ImageObject\",\"inLanguage\":\"nl-NL\",\"@id\":\"https:\\\/\\\/sports-cards.nl\\\/nl\\\/#\\\/schema\\\/logo\\\/image\\\/\",\"url\":\"https:\\\/\\\/sports-cards.nl\\\/wp-content\\\/uploads\\\/2025\\\/07\\\/Sports-Cards-NL-Logo-500-square.webp\",\"contentUrl\":\"https:\\\/\\\/sports-cards.nl\\\/wp-content\\\/uploads\\\/2025\\\/07\\\/Sports-Cards-NL-Logo-500-square.webp\",\"width\":500,\"height\":500,\"caption\":\"Sports Cards NL\"},\"image\":{\"@id\":\"https:\\\/\\\/sports-cards.nl\\\/nl\\\/#\\\/schema\\\/logo\\\/image\\\/\"},\"sameAs\":[\"https:\\\/\\\/www.facebook.com\\\/sportscardsnl\",\"https:\\\/\\\/www.instagram.com\\\/sports_cards_nl\\\/\",\"https:\\\/\\\/nl.pinterest.com\\\/sportscardsnetherlandsnl\\\/\",\"https:\\\/\\\/www.youtube.com\\\/@sports.cards.netherlands\"],\"ownershipFundingInfo\":\"https:\\\/\\\/sports-cards.nl\\\/about-sports-cards-nl\\\/\"}]}<\/script>\n<meta property=\"product:brand\" content=\"The Pok\u00e9mon Company\" \/>\n<meta property=\"product:price:amount\" content=\"28.77\" \/>\n<meta property=\"product:price:currency\" content=\"USD\" \/>\n<meta property=\"og:availability\" content=\"out of stock\" \/>\n<meta property=\"product:availability\" content=\"out of stock\" \/>\n<meta property=\"product:retailer_item_id\" content=\"Pokemon - TCG - Houndstone\" \/>\n<meta property=\"product:condition\" content=\"new\" \/>\n<!-- \/ Yoast SEO Premium plugin. -->","yoast_head_json":{"title":"Pokemon TCG Houndstone EX Collection Box","description":"Pok\u00e9mon Houndstone EX Box - Pokemon TCG Houndstone EX Collection Box","robots":{"index":"index","follow":"follow","max-snippet":"max-snippet:-1","max-image-preview":"max-image-preview:large","max-video-preview":"max-video-preview:-1"},"canonical":"https:\/\/sports-cards.nl\/nl\/product\/pokemon-tcg-houndstone-ex-collection-box\/","og_locale":"nl_NL","og_type":"article","og_title":"Pokemon TCG Houndstone EX Collection Box","og_description":"Pok\u00e9mon Houndstone EX Box - Pokemon TCG Houndstone EX Collection Box","og_url":"https:\/\/sports-cards.nl\/nl\/product\/pokemon-tcg-houndstone-ex-collection-box\/","og_site_name":"Sports Cards NL","article_publisher":"https:\/\/www.facebook.com\/sportscardsnl","article_modified_time":"2025-08-04T18:33:09+00:00","og_image":[{"width":1200,"height":1400,"url":"https:\/\/sports-cards.nl\/wp-content\/uploads\/2025\/04\/Pokemon-TCG-Houndstone-EX-Collection-Box-front.webp","type":"image\/webp"}],"twitter_card":"summary_large_image","twitter_misc":{"Prijs":"&#36;28.77","Beschikbaarheid":"Uitverkocht"},"schema":{"@context":"https:\/\/schema.org","@graph":[{"@type":"WebPage","@id":"https:\/\/sports-cards.nl\/nl\/product\/pokemon-tcg-houndstone-ex-collection-box\/","url":"https:\/\/sports-cards.nl\/nl\/product\/pokemon-tcg-houndstone-ex-collection-box\/","name":"Pokemon TCG Houndstone EX Collection Box","isPartOf":{"@id":"https:\/\/sports-cards.nl\/nl\/#website"},"primaryImageOfPage":{"@id":"https:\/\/sports-cards.nl\/nl\/product\/pokemon-tcg-houndstone-ex-collection-box\/#primaryimage"},"image":{"@id":"https:\/\/sports-cards.nl\/nl\/product\/pokemon-tcg-houndstone-ex-collection-box\/#primaryimage"},"thumbnailUrl":"https:\/\/sports-cards.nl\/wp-content\/uploads\/2025\/04\/Pokemon-TCG-Houndstone-EX-Collection-Box-front.webp","datePublished":"2023-04-18T09:10:22+00:00","dateModified":"2025-08-04T18:33:09+00:00","description":"Pok\u00e9mon Houndstone EX Box - Pokemon TCG Houndstone EX Collection Box","breadcrumb":{"@id":"https:\/\/sports-cards.nl\/nl\/product\/pokemon-tcg-houndstone-ex-collection-box\/#breadcrumb"},"inLanguage":"nl-NL","potentialAction":[{"@type":"ReadAction","target":["https:\/\/sports-cards.nl\/nl\/product\/pokemon-tcg-houndstone-ex-collection-box\/"]}]},{"@type":"ImageObject","inLanguage":"nl-NL","@id":"https:\/\/sports-cards.nl\/nl\/product\/pokemon-tcg-houndstone-ex-collection-box\/#primaryimage","url":"https:\/\/sports-cards.nl\/wp-content\/uploads\/2025\/04\/Pokemon-TCG-Houndstone-EX-Collection-Box-front.webp","contentUrl":"https:\/\/sports-cards.nl\/wp-content\/uploads\/2025\/04\/Pokemon-TCG-Houndstone-EX-Collection-Box-front.webp","width":1200,"height":1400,"caption":"Pokemon TCG Houndstone EX Collection Box - front"},{"@type":"BreadcrumbList","@id":"https:\/\/sports-cards.nl\/nl\/product\/pokemon-tcg-houndstone-ex-collection-box\/#breadcrumb","itemListElement":[{"@type":"ListItem","position":1,"name":"Home","item":"https:\/\/sports-cards.nl\/nl\/"},{"@type":"ListItem","position":2,"name":"Sportkaarten webwinkel","item":"https:\/\/sports-cards.nl\/nl\/winkel\/"},{"@type":"ListItem","position":3,"name":"Pokemon TCG Houndstone EX Collection Box"}]},{"@type":"WebSite","@id":"https:\/\/sports-cards.nl\/nl\/#website","url":"https:\/\/sports-cards.nl\/nl\/","name":"Sports Cards NL","description":"Verzamelkaarten uit de NBA basketball \/ NHL hockey \/ NFL football \/ MLB baseball \/ Formule 1 \/ Voetbal \/ POP! \/ WWE  \/ Marvel \/ UFC \/ Racing \/ Pop culture \/ TCG  &amp; Packs \/ Boxes \/ Supplies \/ Jerseys \/ Boardgames &amp; More","publisher":{"@id":"https:\/\/sports-cards.nl\/nl\/#organization"},"alternateName":"sports-cards.nl","potentialAction":[{"@type":"SearchAction","target":{"@type":"EntryPoint","urlTemplate":"https:\/\/sports-cards.nl\/nl\/?s={search_term_string}"},"query-input":{"@type":"PropertyValueSpecification","valueRequired":true,"valueName":"search_term_string"}}],"inLanguage":"nl-NL"},{"@type":"Organization","@id":"https:\/\/sports-cards.nl\/nl\/#organization","name":"Sports Cards NL","alternateName":"sports-cards.nl","url":"https:\/\/sports-cards.nl\/nl\/","logo":{"@type":"ImageObject","inLanguage":"nl-NL","@id":"https:\/\/sports-cards.nl\/nl\/#\/schema\/logo\/image\/","url":"https:\/\/sports-cards.nl\/wp-content\/uploads\/2025\/07\/Sports-Cards-NL-Logo-500-square.webp","contentUrl":"https:\/\/sports-cards.nl\/wp-content\/uploads\/2025\/07\/Sports-Cards-NL-Logo-500-square.webp","width":500,"height":500,"caption":"Sports Cards NL"},"image":{"@id":"https:\/\/sports-cards.nl\/nl\/#\/schema\/logo\/image\/"},"sameAs":["https:\/\/www.facebook.com\/sportscardsnl","https:\/\/www.instagram.com\/sports_cards_nl\/","https:\/\/nl.pinterest.com\/sportscardsnetherlandsnl\/","https:\/\/www.youtube.com\/@sports.cards.netherlands"],"ownershipFundingInfo":"https:\/\/sports-cards.nl\/about-sports-cards-nl\/"}]},"product_brand":"The Pok\u00e9mon Company","product_price_amount":"28.77","product_price_currency":"USD","og_availability":"out of stock","product_availability":"out of stock","product_retailer_item_id":"Pokemon - TCG - Houndstone","product_condition":"new"},"_links":{"self":[{"href":"https:\/\/sports-cards.nl\/nl\/wp-json\/wp\/v2\/product\/31366","targetHints":{"allow":["GET"]}}],"collection":[{"href":"https:\/\/sports-cards.nl\/nl\/wp-json\/wp\/v2\/product"}],"about":[{"href":"https:\/\/sports-cards.nl\/nl\/wp-json\/wp\/v2\/types\/product"}],"wp:featuredmedia":[{"embeddable":true,"href":"https:\/\/sports-cards.nl\/nl\/wp-json\/wp\/v2\/media\/31368"}],"wp:attachment":[{"href":"https:\/\/sports-cards.nl\/nl\/wp-json\/wp\/v2\/media?parent=31366"}],"wp:term":[{"taxonomy":"product_brand","embeddable":true,"href":"https:\/\/sports-cards.nl\/nl\/wp-json\/wp\/v2\/product_brand?post=31366"},{"taxonomy":"product_cat","embeddable":true,"href":"https:\/\/sports-cards.nl\/nl\/wp-json\/wp\/v2\/product_cat?post=31366"},{"taxonomy":"product_tag","embeddable":true,"href":"https:\/\/sports-cards.nl\/nl\/wp-json\/wp\/v2\/product_tag?post=31366"}],"curies":[{"name":"wp","href":"https:\/\/api.w.org\/{rel}","templated":true}]}}