{"id":32846,"date":"2025-09-01T17:37:11","date_gmt":"2025-09-01T15:37:11","guid":{"rendered":"https:\/\/sports-cards.nl\/?post_type=product&#038;p=32846"},"modified":"2025-09-27T00:54:14","modified_gmt":"2025-09-26T22:54:14","slug":"2024-topps-chrome-mls-soccer-value-box-sealed","status":"publish","type":"product","link":"https:\/\/sports-cards.nl\/nl\/product\/2024-topps-chrome-mls-soccer-value-box-sealed\/","title":{"rendered":"2024 Topps Chrome MLS Soccer Value Box &#8211; Verzelgeld"},"content":{"rendered":"<div align=\"left\"><span style=\"color: #000000; font-family: Arial; font-size: small;\">De 2024 Topps Chrome MLS-serie levert schitterende Chroom-kaarten met de grootste sterren, opkomende talenten en legendarische spelers uit de Major League Soccer!<\/span><\/div>\n<div align=\"left\"><span style=\"color: #000000; font-family: Arial; font-size: small;\">Verzamel alle 200 Base Set kaarten met daarop MLS sterren, rookies en legendes, waaronder enkele van de meest iconische spelers uit de geschiedenis van de competitie.<br \/>\nVind \u00e9\u00e9n The Brave en \u00e9\u00e9n 1964 Topps insert kaart per value box, evenals 5 value box exclusieve Prism Parallels. Zoek \u00e9\u00e9n genummerde parallel in elke doos!<br \/>\n<\/span><\/div>\n<p><strong>Box Configuratie<\/strong><\/p>\n<ul>\n<li>7 Packs per Box<\/li>\n<li>4 kaarten per Pack<\/li>\n<li>28 kaarten per Box<\/li>\n<li>Inclusief 5 exclusieve Prism Parallels gemiddeld per doos!<\/li>\n<li>Kijk uit naar de MLS Chrome Debut Patch 1 van 1 handtekeningen!<\/li>\n<li>Vind handtekeningen van: Lionel Messi, Luis Suarez, Riqui Puig, Lorenzo Insigne, Hugo Loris, Emil Forsberg en nog veel meer!<\/li>\n<\/ul>\n<p><b>Box Breakdown<\/b><\/p>\n<p>Basiskaarten<br \/>\nVerzamel alle 200 kaarten van de basisset, inclusief de 25 kaarten van de Pitch Prodigies subset met de beste rookietalenten van de competitie op een speciaal basisontwerp. Rond de set af met 10 MLS Flashbacks-kaarten, waarop de ongelofelijke verzameling legendes uit de MLS te zien is.<br \/>\n&#8211; Refractor Parallel:<br \/>\n&#8211; Aqua Lava Refractor Parallel: 2 per box Hobby Exclusive!<br \/>\n&#8211; Neon Green Lava Refractor Parallel: 1 per box Hobby Exclusive!<br \/>\n&#8211; Gold Lava Refractor Parallel: 1:30 Packs Hobby Exclusive!<br \/>\n&#8211; Rose Gold Refractor Parallel: #&#8217;d to 250 Hobby Exclusive!<br \/>\n&#8211; Purple Refractor Parallel: #&#8217;d to 199 Hobby Exclusive!<br \/>\n&#8211; Blue Refractor Parallel: #&#8217;d to 150 Hobby Exclusive!<br \/>\n&#8211; Neon Green Refractor Parallel: #&#8217;d to 99 Hobby Exclusive!<br \/>\n&#8211; Gold Refractor Parallel: #&#8217;d to 50 Hobby Exclusive!<br \/>\n&#8211; Orange Refractor Parallel: #&#8217;d to 25 &#8211; Hobby Exclusive!<br \/>\n&#8211; Black Refractor Parallel: #&#8217;d to 10 Hobby Exclusive!<br \/>\n&#8211; Red Refractor Parallel: #&#8217;d to 5 Hobby Exclusive!<br \/>\n&#8211; SuperFractor Parallel: #&#8217;d 1-of-1<\/p>\n<p>Insert Cards: Enjoy your first encounter with a host of stunning inserts. Brand new inserts The Brave, Team Tags, Memory Makers, and American Ink join returning favorites such as Big City Strikers. Look out for the debut of case hit Big City Strikers Skylight Variations.<\/p>\n<p>Base Card Image Variations:<br \/>\n&#8211; Gold Refractor Parallel: #&#8217;d to 50<br \/>\n&#8211; Orange Refractor Parallel: #&#8217;d to 25 Hobby Exclusive!<br \/>\n&#8211; Red Refractor Parallel: #&#8217;d to 5<br \/>\n&#8211; SuperFractor Parallel: #&#8217;d 1-of-1<\/p>\n<p>The Brave: 1:6 Packs<br \/>\n&#8211; Green Refractor Parallel: #&#8217;d to 99<br \/>\n&#8211; Gold Refractor Parallel: #&#8217;d to 50<br \/>\n-Orange Refractor Parallel: #&#8217;d to 25 Hobby Exclusive!<br \/>\n&#8211; Red Refractor Parallel: #&#8217;d to 5<br \/>\n&#8211; SuperFractor Parallel: #&#8217;d 1-of-1<\/p>\n<p>Team Tags: 2 per Box<br \/>\n&#8211; Gold Refractor Parallel: #&#8217;d to 50<br \/>\n&#8211; Orange Refractor Parallel: #&#8217;d to 25 Hobby Exclusive!<br \/>\n&#8211; Red Refractor Parallel: #&#8217;d to 5<br \/>\n&#8211; SuperFractor Parallel: #&#8217;d 1-of-1<\/p>\n<p>Topps 1964 Football: 1:6 Packs<br \/>\n&#8211; Green Refractor Parallel: #&#8217;d to 99<br \/>\n&#8211; Gold Refractor Parallel: #&#8217;d to 50<br \/>\n&#8211; Orange Refractor Parallel: #&#8217;d to 25 Hobby Exclusive!<br \/>\n&#8211; Red Refractor Parallel: #&#8217;d to 5<br \/>\n&#8211; SuperFractor Parallel: #&#8217;d 1-of-1<\/p>\n<p>Big City Strikers: 1 per Box<br \/>\n&#8211; Green Refractor Parallel: #&#8217;d to 99<br \/>\n&#8211; Gold Refractor Parallel: #&#8217;d to 50<br \/>\n&#8211; Orange Refractor Parallel: #&#8217;d to 25 Hobby Exclusive!<br \/>\n&#8211; Red Refractor Parallel: #&#8217;d to 5<br \/>\n&#8211; SuperFractor Parallel: #&#8217;d 1-of-1<\/p>\n<p>Big City Strikers Skylight Variation: 1 per Case NEW!<br \/>\n&#8211; SuperFractor Parallel: #&#8217;d 1-of-1<\/p>\n<p>American Ink: 1:960 Packs NEW!<br \/>\n&#8211; Gold Refractor Parallel: #&#8217;d to 50<br \/>\n&#8211; SuperFractor Parallel: #&#8217;d 1-of-1<\/p>\n<p>Let&#8217;s Go!: Super Ltd.<br \/>\n&#8211; Orange Refractor Parallel: #&#8217;d to 25 Hobby Exclusive!<br \/>\n&#8211; Red Refractor Parallel: #&#8217;d to 5<br \/>\n&#8211; SuperFractor Parallel: #&#8217;d 1-of-1<\/p>\n<p>Topps Chrome Layers: Ultra Ltd.<br \/>\n&#8211; Red Refractor Parallel: #&#8217;d to 5<br \/>\n&#8211; SuperFractor Parallel: #&#8217;d 1-of-1<\/p>\n<p>Memory Makers: 1:20 Packs NEW!<br \/>\n&#8211; Gold Refractor Parallel: #&#8217;d to 50<br \/>\n&#8211; Orange Refractor Parallel: #&#8217;d to 25 Hobby Exclusive!<br \/>\n&#8211; Red Refractor Parallel: #&#8217;d to 5<br \/>\n&#8211; SuperFractor Parallel: #&#8217;d 1-of-1<\/p>\n<p>Autographs &amp; Relics: Find two chrome Autograph Cards in each box, featuring superstars, rookies &amp; legends. Discover a range of dynamic parallels across Chrome Autograph Cards, Chrome Dual Autograph Cards, MLS Flashback Autographs, and don&#8217;t miss the introduction of the epic MLS Debut Patch Autographs.<\/p>\n<p>Chrome Autograph Cards:<br \/>\n&#8211; Neon Green Refractor Parallel: #&#8217;d to 99 Hobby Exclusive!<br \/>\n&#8211; Gold Refractor Parallel: #&#8217;d to 50 Hobby Exclusive!<br \/>\n&#8211; Orange Refractor Parallel: #&#8217;d to 25 Hobby Exclusive!<br \/>\n&#8211; Black Refractor Parallel: #&#8217;d to 10 Hobby Exclusive!<br \/>\n&#8211; Red Wave Refractor Parallel: #&#8217;d to 5 Hobby Exclusive!<br \/>\n&#8211; SuperFractor Parallel: #&#8217;d 1\/1 Hobby Exclusive!<\/p>\n<p>Chrome Dual Autograph Cards:<br \/>\n&#8211; Orange Refractor Parallel: #&#8217;d to 25 Hobby Exclusive!<br \/>\n&#8211; Red Wave Refractor Parallel: #&#8217;d to 5 Hobby Exclusive!<br \/>\n&#8211; SuperFractor Parallel: numbered 1\/1 Hobby Exclusive!<\/p>\n<p>MLS Flashback Autographs: Hobby Exclusive!<br \/>\n&#8211; Gold Refractor Parallel: #&#8217;d to 50<br \/>\n&#8211; Orange Refractor Parallel: #&#8217;d to 25<br \/>\n&#8211; Black Refractor Parallel: #&#8217;d to 10<br \/>\n&#8211; Red Refractor Parallel: #&#8217;d to 5<br \/>\n&#8211; SuperFractor Parallel: #&#8217;d 1\/1<\/p>\n<p>MLS Debut Patch Autographs:<br \/>\n&#8211; Debut Patch Autograph: #&#8217;d 1\/1<\/p>\n<p><strong><br \/>\nBox Checklist<\/strong><\/p>\n<div class=\"ezcol ezcol-one-half\">\n<p><a href=\"https:\/\/cdn.shopify.com\/s\/files\/1\/0662\/9749\/5709\/files\/MLS2405-24MLSC_Checklist_Hobby.pdf\" target=\"_blank\" rel=\"noopener\">2024 Topps Chrome MLS Value Box Checklist<\/a><\/p>\n<\/div>\n","protected":false},"excerpt":{"rendered":"<p>Topps Chrome MLS Value Box &#8211; 28 Cards<\/p>\n","protected":false},"featured_media":32848,"template":"","meta":{"googlesitekit_rrm_CAowi9S-DA:productID":""},"product_brand":[],"product_cat":[1270,2257],"product_tag":[3349],"class_list":{"0":"post-32846","1":"product","2":"type-product","3":"status-publish","4":"has-post-thumbnail","6":"product_cat-pack-boxes-nl","7":"product_cat-voetbal-pack-boxes","8":"product_tag-uefa-2024-25-value-box-nl","9":"product_shipping_class-products-light-nl","10":"yith_product_brand-topps-nl","12":"first","13":"instock","14":"taxable","15":"shipping-taxable","16":"purchasable","17":"product-type-simple"},"yoast_head":"<!-- This site is optimized with the Yoast SEO Premium plugin v21.6 (Yoast SEO v27.3) - https:\/\/yoast.com\/product\/yoast-seo-premium-wordpress\/ -->\n<title>2024 Topps Chrome MLS Soccer Value Box - Verzelgeld<\/title>\n<meta name=\"description\" content=\"Topps Chrome MLS Value Box - 28 Cards - 2024 Topps Chrome MLS Soccer Value Box - Verzelgeld\" \/>\n<meta name=\"robots\" content=\"index, follow, max-snippet:-1, max-image-preview:large, max-video-preview:-1\" \/>\n<link rel=\"canonical\" href=\"https:\/\/sports-cards.nl\/nl\/product\/2024-topps-chrome-mls-soccer-value-box-sealed\/\" \/>\n<meta property=\"og:locale\" content=\"nl_NL\" \/>\n<meta property=\"og:type\" content=\"article\" \/>\n<meta property=\"og:title\" content=\"2024 Topps Chrome MLS Soccer Value Box - Verzelgeld\" \/>\n<meta property=\"og:description\" content=\"Topps Chrome MLS Value Box - 28 Cards - 2024 Topps Chrome MLS Soccer Value Box - Verzelgeld\" \/>\n<meta property=\"og:url\" content=\"https:\/\/sports-cards.nl\/nl\/product\/2024-topps-chrome-mls-soccer-value-box-sealed\/\" \/>\n<meta property=\"og:site_name\" content=\"Sports Cards NL\" \/>\n<meta property=\"article:publisher\" content=\"https:\/\/www.facebook.com\/sportscardsnl\" \/>\n<meta property=\"article:modified_time\" content=\"2025-09-26T22:54:14+00:00\" \/>\n<meta property=\"og:image\" content=\"https:\/\/sports-cards.nl\/wp-content\/uploads\/2025\/09\/2024-Topps-Chrome-MLS-Soccer-Value-Box-stand.webp\" \/>\n\t<meta property=\"og:image:width\" content=\"1200\" \/>\n\t<meta property=\"og:image:height\" content=\"1400\" \/>\n\t<meta property=\"og:image:type\" content=\"image\/webp\" \/>\n<meta name=\"twitter:card\" content=\"summary_large_image\" \/>\n<meta name=\"twitter:label1\" content=\"Prijs\" \/>\n\t<meta name=\"twitter:data1\" content=\"&#036;46.74\" \/>\n\t<meta name=\"twitter:label2\" content=\"Beschikbaarheid\" \/>\n\t<meta name=\"twitter:data2\" content=\"Op voorraad\" \/>\n<script type=\"application\/ld+json\" class=\"yoast-schema-graph\">{\"@context\":\"https:\\\/\\\/schema.org\",\"@graph\":[{\"@type\":\"WebPage\",\"@id\":\"https:\\\/\\\/sports-cards.nl\\\/nl\\\/product\\\/2024-topps-chrome-mls-soccer-value-box-sealed\\\/\",\"url\":\"https:\\\/\\\/sports-cards.nl\\\/nl\\\/product\\\/2024-topps-chrome-mls-soccer-value-box-sealed\\\/\",\"name\":\"2024 Topps Chrome MLS Soccer Value Box - Verzelgeld\",\"isPartOf\":{\"@id\":\"https:\\\/\\\/sports-cards.nl\\\/nl\\\/#website\"},\"primaryImageOfPage\":{\"@id\":\"https:\\\/\\\/sports-cards.nl\\\/nl\\\/product\\\/2024-topps-chrome-mls-soccer-value-box-sealed\\\/#primaryimage\"},\"image\":{\"@id\":\"https:\\\/\\\/sports-cards.nl\\\/nl\\\/product\\\/2024-topps-chrome-mls-soccer-value-box-sealed\\\/#primaryimage\"},\"thumbnailUrl\":\"https:\\\/\\\/sports-cards.nl\\\/wp-content\\\/uploads\\\/2025\\\/09\\\/2024-Topps-Chrome-MLS-Soccer-Value-Box-stand.webp\",\"datePublished\":\"2025-09-01T15:37:11+00:00\",\"dateModified\":\"2025-09-26T22:54:14+00:00\",\"description\":\"Topps Chrome MLS Value Box - 28 Cards - 2024 Topps Chrome MLS Soccer Value Box - Verzelgeld\",\"breadcrumb\":{\"@id\":\"https:\\\/\\\/sports-cards.nl\\\/nl\\\/product\\\/2024-topps-chrome-mls-soccer-value-box-sealed\\\/#breadcrumb\"},\"inLanguage\":\"nl-NL\",\"potentialAction\":[{\"@type\":\"ReadAction\",\"target\":[\"https:\\\/\\\/sports-cards.nl\\\/nl\\\/product\\\/2024-topps-chrome-mls-soccer-value-box-sealed\\\/\"]}]},{\"@type\":\"ImageObject\",\"inLanguage\":\"nl-NL\",\"@id\":\"https:\\\/\\\/sports-cards.nl\\\/nl\\\/product\\\/2024-topps-chrome-mls-soccer-value-box-sealed\\\/#primaryimage\",\"url\":\"https:\\\/\\\/sports-cards.nl\\\/wp-content\\\/uploads\\\/2025\\\/09\\\/2024-Topps-Chrome-MLS-Soccer-Value-Box-stand.webp\",\"contentUrl\":\"https:\\\/\\\/sports-cards.nl\\\/wp-content\\\/uploads\\\/2025\\\/09\\\/2024-Topps-Chrome-MLS-Soccer-Value-Box-stand.webp\",\"width\":1200,\"height\":1400,\"caption\":\"2024 Topps Chrome MLS Soccer Value Box - stand\"},{\"@type\":\"BreadcrumbList\",\"@id\":\"https:\\\/\\\/sports-cards.nl\\\/nl\\\/product\\\/2024-topps-chrome-mls-soccer-value-box-sealed\\\/#breadcrumb\",\"itemListElement\":[{\"@type\":\"ListItem\",\"position\":1,\"name\":\"Home\",\"item\":\"https:\\\/\\\/sports-cards.nl\\\/nl\\\/\"},{\"@type\":\"ListItem\",\"position\":2,\"name\":\"Sportkaarten webwinkel\",\"item\":\"https:\\\/\\\/sports-cards.nl\\\/nl\\\/winkel\\\/\"},{\"@type\":\"ListItem\",\"position\":3,\"name\":\"2024 Topps Chrome MLS Soccer Value Box &#8211; Verzelgeld\"}]},{\"@type\":\"WebSite\",\"@id\":\"https:\\\/\\\/sports-cards.nl\\\/nl\\\/#website\",\"url\":\"https:\\\/\\\/sports-cards.nl\\\/nl\\\/\",\"name\":\"Sports Cards NL\",\"description\":\"Verzamelkaarten uit de NBA basketball \\\/ NHL hockey \\\/ NFL football \\\/ MLB baseball \\\/ Formule 1 \\\/ Voetbal \\\/ POP! \\\/ WWE  \\\/ Marvel \\\/ UFC \\\/ Racing \\\/ Pop culture \\\/ TCG  &amp; Packs \\\/ Boxes \\\/ Supplies \\\/ Jerseys \\\/ Boardgames &amp; More\",\"publisher\":{\"@id\":\"https:\\\/\\\/sports-cards.nl\\\/nl\\\/#organization\"},\"alternateName\":\"sports-cards.nl\",\"potentialAction\":[{\"@type\":\"SearchAction\",\"target\":{\"@type\":\"EntryPoint\",\"urlTemplate\":\"https:\\\/\\\/sports-cards.nl\\\/nl\\\/?s={search_term_string}\"},\"query-input\":{\"@type\":\"PropertyValueSpecification\",\"valueRequired\":true,\"valueName\":\"search_term_string\"}}],\"inLanguage\":\"nl-NL\"},{\"@type\":\"Organization\",\"@id\":\"https:\\\/\\\/sports-cards.nl\\\/nl\\\/#organization\",\"name\":\"Sports Cards NL\",\"alternateName\":\"sports-cards.nl\",\"url\":\"https:\\\/\\\/sports-cards.nl\\\/nl\\\/\",\"logo\":{\"@type\":\"ImageObject\",\"inLanguage\":\"nl-NL\",\"@id\":\"https:\\\/\\\/sports-cards.nl\\\/nl\\\/#\\\/schema\\\/logo\\\/image\\\/\",\"url\":\"https:\\\/\\\/sports-cards.nl\\\/wp-content\\\/uploads\\\/2025\\\/07\\\/Sports-Cards-NL-Logo-500-square.webp\",\"contentUrl\":\"https:\\\/\\\/sports-cards.nl\\\/wp-content\\\/uploads\\\/2025\\\/07\\\/Sports-Cards-NL-Logo-500-square.webp\",\"width\":500,\"height\":500,\"caption\":\"Sports Cards NL\"},\"image\":{\"@id\":\"https:\\\/\\\/sports-cards.nl\\\/nl\\\/#\\\/schema\\\/logo\\\/image\\\/\"},\"sameAs\":[\"https:\\\/\\\/www.facebook.com\\\/sportscardsnl\",\"https:\\\/\\\/www.instagram.com\\\/sports_cards_nl\\\/\",\"https:\\\/\\\/nl.pinterest.com\\\/sportscardsnetherlandsnl\\\/\",\"https:\\\/\\\/www.youtube.com\\\/@sports.cards.netherlands\"],\"ownershipFundingInfo\":\"https:\\\/\\\/sports-cards.nl\\\/about-sports-cards-nl\\\/\"}]}<\/script>\n<meta property=\"product:brand\" content=\"Topps\" \/>\n<meta property=\"product:price:amount\" content=\"46.74\" \/>\n<meta property=\"product:price:currency\" content=\"USD\" \/>\n<meta property=\"og:availability\" content=\"instock\" \/>\n<meta property=\"product:availability\" content=\"instock\" \/>\n<meta property=\"product:retailer_item_id\" content=\"MLS 2024 VB\" \/>\n<meta property=\"product:condition\" content=\"new\" \/>\n<!-- \/ Yoast SEO Premium plugin. -->","yoast_head_json":{"title":"2024 Topps Chrome MLS Soccer Value Box - Verzelgeld","description":"Topps Chrome MLS Value Box - 28 Cards - 2024 Topps Chrome MLS Soccer Value Box - Verzelgeld","robots":{"index":"index","follow":"follow","max-snippet":"max-snippet:-1","max-image-preview":"max-image-preview:large","max-video-preview":"max-video-preview:-1"},"canonical":"https:\/\/sports-cards.nl\/nl\/product\/2024-topps-chrome-mls-soccer-value-box-sealed\/","og_locale":"nl_NL","og_type":"article","og_title":"2024 Topps Chrome MLS Soccer Value Box - Verzelgeld","og_description":"Topps Chrome MLS Value Box - 28 Cards - 2024 Topps Chrome MLS Soccer Value Box - Verzelgeld","og_url":"https:\/\/sports-cards.nl\/nl\/product\/2024-topps-chrome-mls-soccer-value-box-sealed\/","og_site_name":"Sports Cards NL","article_publisher":"https:\/\/www.facebook.com\/sportscardsnl","article_modified_time":"2025-09-26T22:54:14+00:00","og_image":[{"width":1200,"height":1400,"url":"https:\/\/sports-cards.nl\/wp-content\/uploads\/2025\/09\/2024-Topps-Chrome-MLS-Soccer-Value-Box-stand.webp","type":"image\/webp"}],"twitter_card":"summary_large_image","twitter_misc":{"Prijs":"&#36;46.74","Beschikbaarheid":"Op voorraad"},"schema":{"@context":"https:\/\/schema.org","@graph":[{"@type":"WebPage","@id":"https:\/\/sports-cards.nl\/nl\/product\/2024-topps-chrome-mls-soccer-value-box-sealed\/","url":"https:\/\/sports-cards.nl\/nl\/product\/2024-topps-chrome-mls-soccer-value-box-sealed\/","name":"2024 Topps Chrome MLS Soccer Value Box - Verzelgeld","isPartOf":{"@id":"https:\/\/sports-cards.nl\/nl\/#website"},"primaryImageOfPage":{"@id":"https:\/\/sports-cards.nl\/nl\/product\/2024-topps-chrome-mls-soccer-value-box-sealed\/#primaryimage"},"image":{"@id":"https:\/\/sports-cards.nl\/nl\/product\/2024-topps-chrome-mls-soccer-value-box-sealed\/#primaryimage"},"thumbnailUrl":"https:\/\/sports-cards.nl\/wp-content\/uploads\/2025\/09\/2024-Topps-Chrome-MLS-Soccer-Value-Box-stand.webp","datePublished":"2025-09-01T15:37:11+00:00","dateModified":"2025-09-26T22:54:14+00:00","description":"Topps Chrome MLS Value Box - 28 Cards - 2024 Topps Chrome MLS Soccer Value Box - Verzelgeld","breadcrumb":{"@id":"https:\/\/sports-cards.nl\/nl\/product\/2024-topps-chrome-mls-soccer-value-box-sealed\/#breadcrumb"},"inLanguage":"nl-NL","potentialAction":[{"@type":"ReadAction","target":["https:\/\/sports-cards.nl\/nl\/product\/2024-topps-chrome-mls-soccer-value-box-sealed\/"]}]},{"@type":"ImageObject","inLanguage":"nl-NL","@id":"https:\/\/sports-cards.nl\/nl\/product\/2024-topps-chrome-mls-soccer-value-box-sealed\/#primaryimage","url":"https:\/\/sports-cards.nl\/wp-content\/uploads\/2025\/09\/2024-Topps-Chrome-MLS-Soccer-Value-Box-stand.webp","contentUrl":"https:\/\/sports-cards.nl\/wp-content\/uploads\/2025\/09\/2024-Topps-Chrome-MLS-Soccer-Value-Box-stand.webp","width":1200,"height":1400,"caption":"2024 Topps Chrome MLS Soccer Value Box - stand"},{"@type":"BreadcrumbList","@id":"https:\/\/sports-cards.nl\/nl\/product\/2024-topps-chrome-mls-soccer-value-box-sealed\/#breadcrumb","itemListElement":[{"@type":"ListItem","position":1,"name":"Home","item":"https:\/\/sports-cards.nl\/nl\/"},{"@type":"ListItem","position":2,"name":"Sportkaarten webwinkel","item":"https:\/\/sports-cards.nl\/nl\/winkel\/"},{"@type":"ListItem","position":3,"name":"2024 Topps Chrome MLS Soccer Value Box &#8211; Verzelgeld"}]},{"@type":"WebSite","@id":"https:\/\/sports-cards.nl\/nl\/#website","url":"https:\/\/sports-cards.nl\/nl\/","name":"Sports Cards NL","description":"Verzamelkaarten uit de NBA basketball \/ NHL hockey \/ NFL football \/ MLB baseball \/ Formule 1 \/ Voetbal \/ POP! \/ WWE  \/ Marvel \/ UFC \/ Racing \/ Pop culture \/ TCG  &amp; Packs \/ Boxes \/ Supplies \/ Jerseys \/ Boardgames &amp; More","publisher":{"@id":"https:\/\/sports-cards.nl\/nl\/#organization"},"alternateName":"sports-cards.nl","potentialAction":[{"@type":"SearchAction","target":{"@type":"EntryPoint","urlTemplate":"https:\/\/sports-cards.nl\/nl\/?s={search_term_string}"},"query-input":{"@type":"PropertyValueSpecification","valueRequired":true,"valueName":"search_term_string"}}],"inLanguage":"nl-NL"},{"@type":"Organization","@id":"https:\/\/sports-cards.nl\/nl\/#organization","name":"Sports Cards NL","alternateName":"sports-cards.nl","url":"https:\/\/sports-cards.nl\/nl\/","logo":{"@type":"ImageObject","inLanguage":"nl-NL","@id":"https:\/\/sports-cards.nl\/nl\/#\/schema\/logo\/image\/","url":"https:\/\/sports-cards.nl\/wp-content\/uploads\/2025\/07\/Sports-Cards-NL-Logo-500-square.webp","contentUrl":"https:\/\/sports-cards.nl\/wp-content\/uploads\/2025\/07\/Sports-Cards-NL-Logo-500-square.webp","width":500,"height":500,"caption":"Sports Cards NL"},"image":{"@id":"https:\/\/sports-cards.nl\/nl\/#\/schema\/logo\/image\/"},"sameAs":["https:\/\/www.facebook.com\/sportscardsnl","https:\/\/www.instagram.com\/sports_cards_nl\/","https:\/\/nl.pinterest.com\/sportscardsnetherlandsnl\/","https:\/\/www.youtube.com\/@sports.cards.netherlands"],"ownershipFundingInfo":"https:\/\/sports-cards.nl\/about-sports-cards-nl\/"}]},"product_brand":"Topps","product_price_amount":"46.74","product_price_currency":"USD","og_availability":"instock","product_availability":"instock","product_retailer_item_id":"MLS 2024 VB","product_condition":"new"},"_links":{"self":[{"href":"https:\/\/sports-cards.nl\/nl\/wp-json\/wp\/v2\/product\/32846","targetHints":{"allow":["GET"]}}],"collection":[{"href":"https:\/\/sports-cards.nl\/nl\/wp-json\/wp\/v2\/product"}],"about":[{"href":"https:\/\/sports-cards.nl\/nl\/wp-json\/wp\/v2\/types\/product"}],"wp:featuredmedia":[{"embeddable":true,"href":"https:\/\/sports-cards.nl\/nl\/wp-json\/wp\/v2\/media\/32848"}],"wp:attachment":[{"href":"https:\/\/sports-cards.nl\/nl\/wp-json\/wp\/v2\/media?parent=32846"}],"wp:term":[{"taxonomy":"product_brand","embeddable":true,"href":"https:\/\/sports-cards.nl\/nl\/wp-json\/wp\/v2\/product_brand?post=32846"},{"taxonomy":"product_cat","embeddable":true,"href":"https:\/\/sports-cards.nl\/nl\/wp-json\/wp\/v2\/product_cat?post=32846"},{"taxonomy":"product_tag","embeddable":true,"href":"https:\/\/sports-cards.nl\/nl\/wp-json\/wp\/v2\/product_tag?post=32846"}],"curies":[{"name":"wp","href":"https:\/\/api.w.org\/{rel}","templated":true}]}}